{"id":10,"date":"2015-08-06T21:04:18","date_gmt":"2015-08-06T19:04:18","guid":{"rendered":"http:\/\/aleksandraczeczot.pl\/?page_id=10"},"modified":"2023-03-01T22:11:09","modified_gmt":"2023-03-01T21:11:09","slug":"fizjoterapia-wroclaw","status":"publish","type":"page","link":"https:\/\/aleksandraczeczot.pl\/","title":{"rendered":"Fizjoterapia Wroc\u0142aw"},"content":{"rendered":"<div id=\"pl-10\"  class=\"panel-layout\" ><div id=\"pg-10-0\"  class=\"panel-grid panel-has-style\" ><div class=\"siteorigin-panels-stretch panel-row-style panel-row-style-for-10-0\" id=\"services\" data-stretch-type=\"full\" ><div id=\"pgc-10-0-0\"  class=\"panel-grid-cell\" ><div id=\"panel-10-0-0-0\" class=\"so-panel widget widget_sow-headline panel-first-child panel-last-child\" data-index=\"0\" ><div class=\"panel-widget-style panel-widget-style-for-10-0-0-0\" ><div\n\t\t\t\n\t\t\tclass=\"so-widget-sow-headline so-widget-sow-headline-default-e10dc3e2a439-10\"\n\t\t\t\n\t\t><div class=\"sow-headline-container \">\n\t\t\t\t\t\t\t<h2 class=\"sow-headline\">\n\t\t\t\t\t\tGabinet\t\t\t\t\t\t<\/h2>\n\t\t\t\t\t\t<\/div>\n<\/div><\/div><\/div><\/div><\/div><\/div><div id=\"pg-10-1\"  class=\"panel-grid panel-has-style\" ><div class=\"siteorigin-panels-stretch panel-row-style panel-row-style-for-10-1\" data-stretch-type=\"full-stretched\" ><div id=\"pgc-10-1-0\"  class=\"panel-grid-cell\" ><div id=\"panel-10-1-0-0\" class=\"so-panel widget widget_sow-editor panel-first-child panel-last-child\" data-index=\"1\" ><div class=\"panel-widget-style panel-widget-style-for-10-1-0-0\" ><div\n\t\t\t\n\t\t\tclass=\"so-widget-sow-editor so-widget-sow-editor-base\"\n\t\t\t\n\t\t>\n<div class=\"siteorigin-widget-tinymce textwidget\">\n\t<div class=\"keep-center\">\n<p class=\"keep-center\" style=\"text-align: center;\"><span style=\"font-family: 'trebuchet ms', geneva, sans-serif;\">ul. Skrzydlata 19\/4, G\u0105d\u00f3w Ma\u0142y, 54-129 Wroc\u0142aw<\/span><\/p>\n<p class=\"keep-center\" style=\"text-align: center;\"><span style=\"font-family: 'trebuchet ms', geneva, sans-serif;\"><span class=\"\" style=\"display:block;clear:both;height: 0px;padding-top: 10px;border-top-width:0px;border-bottom-width:0px;\"><\/span><\/span><\/p>\n<p class=\"keep-center\" style=\"text-align: center;\"><span style=\"font-family: 'trebuchet ms', geneva, sans-serif;\">Rejestracja pod numerem: 663 975 967 lub przez formularz kontaktowy dost\u0119pny <a href=\"https:\/\/aleksandraczeczot.pl\/index.php\/kontakt\/\">tutaj.<\/a><\/span><\/p>\n<p class=\"keep-center\" style=\"text-align: center;\"><span style=\"font-family: 'trebuchet ms', geneva, sans-serif;\"><span class=\"\" style=\"display:block;clear:both;height: 0px;padding-top: 20px;border-top-width:0px;border-bottom-width:0px;\"><\/span><\/span><\/p>\n<p><iframe loading=\"lazy\" src=\"https:\/\/www.google.com\/maps\/embed?pb=!1m14!1m8!1m3!1d3162.1464817850006!2d16.95832885770363!3d51.12702398932531!3m2!1i1024!2i768!4f13.1!3m3!1m2!1s0x470fc1b8e9e01abd%3A0xc7b659734b7f6966!2sFizjoterapia%20Aleksandra%20Czeczot!5e0!3m2!1spl!2spl!4v1677704673273!5m2!1spl!2spl\" width=\"100%\" height=\"250\" frameborder=\"0\" allowfullscreen=\"allowfullscreen\"><\/iframe><\/p>\n<div class=\"clearfix\"><\/div>\n<\/div>\n<\/div>\n<\/div><\/div><\/div><\/div><\/div><\/div><div id=\"pg-10-2\"  class=\"panel-grid panel-no-style\" ><div id=\"pgc-10-2-0\"  class=\"panel-grid-cell\" ><div id=\"panel-10-2-0-0\" class=\"so-panel widget widget_sow-headline panel-first-child panel-last-child\" data-index=\"2\" ><div class=\"panel-widget-style panel-widget-style-for-10-2-0-0\" ><div\n\t\t\t\n\t\t\tclass=\"so-widget-sow-headline so-widget-sow-headline-default-e10dc3e2a439-10\"\n\t\t\t\n\t\t><div class=\"sow-headline-container \">\n\t\t\t\t\t\t\t<h2 class=\"sow-headline\">\n\t\t\t\t\t\t\t\t\t\t\t\t\t<a href=\"https:\/\/aleksandraczeczot.pl\/index.php\/aktualnosci\/\" >\n\t\t\t\t\t\t\t\tBlog<\/a>\t\t\t\t\t\t<\/h2>\n\t\t\t\t\t\t<\/div>\n<\/div><\/div><\/div><\/div><\/div><div id=\"pg-10-3\"  class=\"panel-grid panel-has-style\" ><div class=\"panel-row-style panel-row-style-for-10-3\" ><div id=\"pgc-10-3-0\"  class=\"panel-grid-cell\" ><div id=\"panel-10-3-0-0\" class=\"so-panel widget widget_sow-post-carousel panel-first-child panel-last-child\" data-index=\"3\" ><div class=\"panel-widget-style panel-widget-style-for-10-3-0-0\" ><div\n\t\t\t\n\t\t\tclass=\"so-widget-sow-post-carousel so-widget-sow-post-carousel-base-ad93eedad001-10\"\n\t\t\t\n\t\t>\t<div\n\t\tclass=\"sow-post-carousel-wrapper sow-post-carousel-theme-base\"\n\t\tstyle=\"overflow: hidden; max-width: 100%; min-height: 182px\"\n\t>\n\t\t<div class=\"sow-carousel-title\">\n\t\t\t<div class=\"sow-carousel-navigation \">\n\t\t\t\t\t\t<a href=\"#\" class=\"sow-carousel-next\" title=\"Next\" aria-label=\"Next Posts\" role=\"button\"><\/a>\n\t\t\t\t\t\t<a href=\"#\" class=\"sow-carousel-previous\" title=\"Previous\" aria-label=\"Previous Posts\" role=\"button\"><\/a>\n\t\t\t\t\t<\/div>\n\t<\/div>\n\n<div class=\"sow-carousel-container \">\n\t\t<div class=\"sow-carousel-wrapper\"\n\t\tdata-dir=\"ltr\"\n\t\tstyle=\"opacity: 0;\"\n\t\tdata-widget=\"post\" data-fetching=\"false\" data-page=\"1\" data-ajax-url=\"https:\/\/aleksandraczeczot.pl\/wp-admin\/admin-ajax.php?_widgets_nonce=4a2e73265f\" data-item_count=\"6\" data-carousel_settings=\"{&quot;loop&quot;:true,&quot;animation&quot;:&quot;Ease&quot;,&quot;animation_speed&quot;:400,&quot;autoplay&quot;:&quot;&quot;,&quot;pauseOnHover&quot;:&quot;&quot;,&quot;autoplaySpeed&quot;:8000,&quot;item_overflow&quot;:true,&quot;autoplay_continuous_scroll&quot;:false}\" data-responsive=\"{&quot;desktop_slides_to_scroll&quot;:1,&quot;tablet_landscape_breakpoint&quot;:1366,&quot;tablet_landscape_slides_to_scroll&quot;:2,&quot;tablet_portrait_breakpoint&quot;:1025,&quot;tablet_portrait_slides_to_scroll&quot;:2,&quot;mobile_breakpoint&quot;:480,&quot;mobile_slides_to_scroll&quot;:1}\" data-variable_width=\"true\" \t>\n\t\t<div\n\t\t\tclass=\"sow-carousel-items\"\n\t\t\t\t\t>\n\t\t\t\t<div class=\"sow-carousel-item\" tabindex=\"-1\" style=\"float: left;\">\n\t\t<div class=\"sow-carousel-thumbnail\">\n\t\t\t\t\t\t\t<a\n\t\t\t\t\thref=\"https:\/\/aleksandraczeczot.pl\/index.php\/2018\/11\/11\/przygotowanie-do-ciazy-i-porodu\/\"\n\t\t\t\t\t\t\t\t\t\tstyle=\"background-image: url( https:\/\/aleksandraczeczot.pl\/wp-content\/uploads\/2018\/11\/przygotowanie-do-ciazy-i-porodu-272x182.png )\"\n\t\t\t\t\taria-labelledby=\"sow-carousel-id-894\"\n\t\t\t\t\ttabindex=\"-1\"\n\t\t\t\t>\n\t\t\t\t\t<span class=\"overlay\"><\/span>\n\t\t\t\t<\/a>\n\t\t\t\t\t<\/div>\n\t\t<h3 class=\"sow-carousel-item-title\">\n\t\t\t<a\n\t\t\t\thref=\"https:\/\/aleksandraczeczot.pl\/index.php\/2018\/11\/11\/przygotowanie-do-ciazy-i-porodu\/\"\n\t\t\t\tid=\"sow-carousel-id-894\"\n\t\t\t\t\t\t\t\ttabindex=\"-1\"\n\t\t\t>\n\n\t\t\t\tPrzygotowanie do ci\u0105\u017cy i porodu\t\t\t<\/a>\n\t\t<\/h3>\n\t<\/div>\n\t<div class=\"sow-carousel-item\" tabindex=\"-1\" style=\"float: left;\">\n\t\t<div class=\"sow-carousel-thumbnail\">\n\t\t\t\t\t\t\t<a\n\t\t\t\t\thref=\"https:\/\/aleksandraczeczot.pl\/index.php\/2018\/03\/27\/dyplom-terapeuty-manualnego\/\"\n\t\t\t\t\t\t\t\t\t\tstyle=\"background-image: url( https:\/\/aleksandraczeczot.pl\/wp-content\/uploads\/2018\/03\/Terapia-Manualna-Holistyczna-wg-koncepcji-Andrzeja-Rakowskiego-272x182.jpg )\"\n\t\t\t\t\taria-labelledby=\"sow-carousel-id-829\"\n\t\t\t\t\ttabindex=\"-1\"\n\t\t\t\t>\n\t\t\t\t\t<span class=\"overlay\"><\/span>\n\t\t\t\t<\/a>\n\t\t\t\t\t<\/div>\n\t\t<h3 class=\"sow-carousel-item-title\">\n\t\t\t<a\n\t\t\t\thref=\"https:\/\/aleksandraczeczot.pl\/index.php\/2018\/03\/27\/dyplom-terapeuty-manualnego\/\"\n\t\t\t\tid=\"sow-carousel-id-829\"\n\t\t\t\t\t\t\t\ttabindex=\"-1\"\n\t\t\t>\n\n\t\t\t\tDyplom Terapeuty Manualnego\t\t\t<\/a>\n\t\t<\/h3>\n\t<\/div>\n\t<div class=\"sow-carousel-item\" tabindex=\"-1\" style=\"float: left;\">\n\t\t<div class=\"sow-carousel-thumbnail\">\n\t\t\t\t\t\t\t<a\n\t\t\t\t\thref=\"https:\/\/aleksandraczeczot.pl\/index.php\/2018\/03\/21\/profilaktyka-dla-stawow-biodrowych\/\"\n\t\t\t\t\t\t\t\t\t\tstyle=\"background-image: url( https:\/\/aleksandraczeczot.pl\/wp-content\/uploads\/2018\/03\/profilaktyka-dla-bioder-272x182.png )\"\n\t\t\t\t\taria-labelledby=\"sow-carousel-id-761\"\n\t\t\t\t\ttabindex=\"-1\"\n\t\t\t\t>\n\t\t\t\t\t<span class=\"overlay\"><\/span>\n\t\t\t\t<\/a>\n\t\t\t\t\t<\/div>\n\t\t<h3 class=\"sow-carousel-item-title\">\n\t\t\t<a\n\t\t\t\thref=\"https:\/\/aleksandraczeczot.pl\/index.php\/2018\/03\/21\/profilaktyka-dla-stawow-biodrowych\/\"\n\t\t\t\tid=\"sow-carousel-id-761\"\n\t\t\t\t\t\t\t\ttabindex=\"-1\"\n\t\t\t>\n\n\t\t\t\tProfilaktyka dla staw\u00f3w biodrowych\t\t\t<\/a>\n\t\t<\/h3>\n\t<\/div>\n\t<div class=\"sow-carousel-item\" tabindex=\"-1\" style=\"float: left;\">\n\t\t<div class=\"sow-carousel-thumbnail\">\n\t\t\t\t\t\t\t<a\n\t\t\t\t\thref=\"https:\/\/aleksandraczeczot.pl\/index.php\/2018\/01\/22\/wysilkowe-nietrzymanie-moczu\/\"\n\t\t\t\t\t\t\t\t\t\tstyle=\"background-image: url( https:\/\/aleksandraczeczot.pl\/wp-content\/uploads\/2018\/01\/Wysi\u0142kowe-nietrzymanie-moczu-272x182.png )\"\n\t\t\t\t\taria-labelledby=\"sow-carousel-id-750\"\n\t\t\t\t\ttabindex=\"-1\"\n\t\t\t\t>\n\t\t\t\t\t<span class=\"overlay\"><\/span>\n\t\t\t\t<\/a>\n\t\t\t\t\t<\/div>\n\t\t<h3 class=\"sow-carousel-item-title\">\n\t\t\t<a\n\t\t\t\thref=\"https:\/\/aleksandraczeczot.pl\/index.php\/2018\/01\/22\/wysilkowe-nietrzymanie-moczu\/\"\n\t\t\t\tid=\"sow-carousel-id-750\"\n\t\t\t\t\t\t\t\ttabindex=\"-1\"\n\t\t\t>\n\n\t\t\t\tWysi\u0142kowe nietrzymanie moczu\t\t\t<\/a>\n\t\t<\/h3>\n\t<\/div>\n\t<div class=\"sow-carousel-item\" tabindex=\"-1\" style=\"float: left;\">\n\t\t<div class=\"sow-carousel-thumbnail\">\n\t\t\t\t\t\t\t<a\n\t\t\t\t\thref=\"https:\/\/aleksandraczeczot.pl\/index.php\/2018\/01\/16\/urlop\/\"\n\t\t\t\t\t\t\t\t\t\tstyle=\"background-image: url( https:\/\/aleksandraczeczot.pl\/wp-content\/uploads\/2018\/01\/Urlop-fizjoterapia-aleksandra-czeczot-272x182.png )\"\n\t\t\t\t\taria-labelledby=\"sow-carousel-id-711\"\n\t\t\t\t\ttabindex=\"-1\"\n\t\t\t\t>\n\t\t\t\t\t<span class=\"overlay\"><\/span>\n\t\t\t\t<\/a>\n\t\t\t\t\t<\/div>\n\t\t<h3 class=\"sow-carousel-item-title\">\n\t\t\t<a\n\t\t\t\thref=\"https:\/\/aleksandraczeczot.pl\/index.php\/2018\/01\/16\/urlop\/\"\n\t\t\t\tid=\"sow-carousel-id-711\"\n\t\t\t\t\t\t\t\ttabindex=\"-1\"\n\t\t\t>\n\n\t\t\t\tUrlop\t\t\t<\/a>\n\t\t<\/h3>\n\t<\/div>\n\t<div class=\"sow-carousel-item\" tabindex=\"-1\" style=\"float: left;\">\n\t\t<div class=\"sow-carousel-thumbnail\">\n\t\t\t\t\t\t\t<a\n\t\t\t\t\thref=\"https:\/\/aleksandraczeczot.pl\/index.php\/2018\/01\/07\/xxxv-turnus-terapii-wad-postawy-skolioz-wg-metody-fits\/\"\n\t\t\t\t\t\t\t\t\t\tstyle=\"background-image: url( https:\/\/aleksandraczeczot.pl\/wp-content\/uploads\/2018\/01\/XXXV-Turnus-Terapii-Wad-Postawy-i-Skolioz-wg-metody-FITS-272x182.png )\"\n\t\t\t\t\taria-labelledby=\"sow-carousel-id-631\"\n\t\t\t\t\ttabindex=\"-1\"\n\t\t\t\t>\n\t\t\t\t\t<span class=\"overlay\"><\/span>\n\t\t\t\t<\/a>\n\t\t\t\t\t<\/div>\n\t\t<h3 class=\"sow-carousel-item-title\">\n\t\t\t<a\n\t\t\t\thref=\"https:\/\/aleksandraczeczot.pl\/index.php\/2018\/01\/07\/xxxv-turnus-terapii-wad-postawy-skolioz-wg-metody-fits\/\"\n\t\t\t\tid=\"sow-carousel-id-631\"\n\t\t\t\t\t\t\t\ttabindex=\"-1\"\n\t\t\t>\n\n\t\t\t\tXXXV Turnus Terapii Wad Postawy i Skolioz wg Metody FITS\t\t\t<\/a>\n\t\t<\/h3>\n\t<\/div>\n\t\t<\/div>\n\t\t\t<\/div>\n\n\t<\/div>\n\t\t<input type=\"hidden\" name=\"instance_hash\" value=\"f7f65239\"\/>\n\t<\/div>\n<\/div><\/div><\/div><\/div><\/div><\/div><\/div>","protected":false},"excerpt":{"rendered":"<p>Po raz kolejny mia\u0142am przyjemno\u015b\u0107 uczestniczy\u0107 jako terapeuta w Turnusie Terapii Wad Postawy i Skolioz wg Metody FITS. Tym razem w dniach 9-22.07.2017 odby\u0142a si\u0119 ju\u017c XXXV edycja. Jak co roku jest to dla mnie czas bardzo intensywnej pracy ale jednocze\u015bnie spotkanie z innymi terapeutami z ca\u0142ej Polski oraz pacjentami, kt\u00f3rych znam cz\u0119sto ju\u017c od [&hellip;]<\/p>\n","protected":false},"author":1,"featured_media":0,"parent":0,"menu_order":0,"comment_status":"closed","ping_status":"closed","template":"","meta":{"footnotes":""},"class_list":["post-10","page","type-page","status-publish","czr-hentry"],"yoast_head":"<!-- This site is optimized with the Yoast SEO plugin v24.7 - https:\/\/yoast.com\/wordpress\/plugins\/seo\/ -->\n<title>Fizjoterapia Wroc\u0142aw - Aleksandra Czeczot<\/title>\n<meta name=\"description\" content=\"Fizjoterapia Wroc\u0142aw - Metoda FITS - Leczenie Skolioz - Terapia Manualna Holistyczna - Techniki Osteopatyczne - Terapeuta Manualny - Leczenie b\u00f3lu plec\u00f3w\" \/>\n<meta name=\"robots\" content=\"index, follow, max-snippet:-1, max-image-preview:large, max-video-preview:-1\" \/>\n<link rel=\"canonical\" href=\"https:\/\/aleksandraczeczot.pl\/\" \/>\n<meta property=\"og:locale\" content=\"pl_PL\" \/>\n<meta property=\"og:type\" content=\"article\" \/>\n<meta property=\"og:title\" content=\"Fizjoterapia Wroc\u0142aw - Aleksandra Czeczot\" \/>\n<meta property=\"og:description\" content=\"Fizjoterapia Wroc\u0142aw - Metoda FITS - Leczenie Skolioz - Terapia Manualna Holistyczna - Techniki Osteopatyczne - Terapeuta Manualny - Leczenie b\u00f3lu plec\u00f3w\" \/>\n<meta property=\"og:url\" content=\"https:\/\/aleksandraczeczot.pl\/\" \/>\n<meta property=\"og:site_name\" content=\"Aleksandra Czeczot\" \/>\n<meta property=\"article:modified_time\" content=\"2023-03-01T21:11:09+00:00\" \/>\n<meta name=\"twitter:card\" content=\"summary_large_image\" \/>\n<script type=\"application\/ld+json\" class=\"yoast-schema-graph\">{\"@context\":\"https:\/\/schema.org\",\"@graph\":[{\"@type\":\"WebPage\",\"@id\":\"https:\/\/aleksandraczeczot.pl\/\",\"url\":\"https:\/\/aleksandraczeczot.pl\/\",\"name\":\"Fizjoterapia Wroc\u0142aw - Aleksandra Czeczot\",\"isPartOf\":{\"@id\":\"https:\/\/aleksandraczeczot.pl\/#website\"},\"datePublished\":\"2015-08-06T19:04:18+00:00\",\"dateModified\":\"2023-03-01T21:11:09+00:00\",\"description\":\"Fizjoterapia Wroc\u0142aw - Metoda FITS - Leczenie Skolioz - Terapia Manualna Holistyczna - Techniki Osteopatyczne - Terapeuta Manualny - Leczenie b\u00f3lu plec\u00f3w\",\"breadcrumb\":{\"@id\":\"https:\/\/aleksandraczeczot.pl\/#breadcrumb\"},\"inLanguage\":\"pl-PL\",\"potentialAction\":[{\"@type\":\"ReadAction\",\"target\":[\"https:\/\/aleksandraczeczot.pl\/\"]}]},{\"@type\":\"BreadcrumbList\",\"@id\":\"https:\/\/aleksandraczeczot.pl\/#breadcrumb\",\"itemListElement\":[{\"@type\":\"ListItem\",\"position\":1,\"name\":\"Strona g\u0142\u00f3wna\",\"item\":\"https:\/\/aleksandraczeczot.pl\/\"},{\"@type\":\"ListItem\",\"position\":2,\"name\":\"Fizjoterapia Wroc\u0142aw\"}]},{\"@type\":\"WebSite\",\"@id\":\"https:\/\/aleksandraczeczot.pl\/#website\",\"url\":\"https:\/\/aleksandraczeczot.pl\/\",\"name\":\"Aleksandra Czeczot\",\"description\":\"Fizjoterapia\",\"publisher\":{\"@id\":\"https:\/\/aleksandraczeczot.pl\/#\/schema\/person\/1bbcbc7524464b8562b2eafa82bb748e\"},\"potentialAction\":[{\"@type\":\"SearchAction\",\"target\":{\"@type\":\"EntryPoint\",\"urlTemplate\":\"https:\/\/aleksandraczeczot.pl\/?s={search_term_string}\"},\"query-input\":{\"@type\":\"PropertyValueSpecification\",\"valueRequired\":true,\"valueName\":\"search_term_string\"}}],\"inLanguage\":\"pl-PL\"},{\"@type\":[\"Person\",\"Organization\"],\"@id\":\"https:\/\/aleksandraczeczot.pl\/#\/schema\/person\/1bbcbc7524464b8562b2eafa82bb748e\",\"name\":\"Aleksandra Czeczot\",\"image\":{\"@type\":\"ImageObject\",\"inLanguage\":\"pl-PL\",\"@id\":\"https:\/\/aleksandraczeczot.pl\/#\/schema\/person\/image\/\",\"url\":\"https:\/\/secure.gravatar.com\/avatar\/88b6722d52d7101ffde638b25bafa478?s=96&d=mm&r=g\",\"contentUrl\":\"https:\/\/secure.gravatar.com\/avatar\/88b6722d52d7101ffde638b25bafa478?s=96&d=mm&r=g\",\"caption\":\"Aleksandra Czeczot\"},\"logo\":{\"@id\":\"https:\/\/aleksandraczeczot.pl\/#\/schema\/person\/image\/\"}}]}<\/script>\n<!-- \/ Yoast SEO plugin. -->","yoast_head_json":{"title":"Fizjoterapia Wroc\u0142aw - Aleksandra Czeczot","description":"Fizjoterapia Wroc\u0142aw - Metoda FITS - Leczenie Skolioz - Terapia Manualna Holistyczna - Techniki Osteopatyczne - Terapeuta Manualny - Leczenie b\u00f3lu plec\u00f3w","robots":{"index":"index","follow":"follow","max-snippet":"max-snippet:-1","max-image-preview":"max-image-preview:large","max-video-preview":"max-video-preview:-1"},"canonical":"https:\/\/aleksandraczeczot.pl\/","og_locale":"pl_PL","og_type":"article","og_title":"Fizjoterapia Wroc\u0142aw - Aleksandra Czeczot","og_description":"Fizjoterapia Wroc\u0142aw - Metoda FITS - Leczenie Skolioz - Terapia Manualna Holistyczna - Techniki Osteopatyczne - Terapeuta Manualny - Leczenie b\u00f3lu plec\u00f3w","og_url":"https:\/\/aleksandraczeczot.pl\/","og_site_name":"Aleksandra Czeczot","article_modified_time":"2023-03-01T21:11:09+00:00","twitter_card":"summary_large_image","schema":{"@context":"https:\/\/schema.org","@graph":[{"@type":"WebPage","@id":"https:\/\/aleksandraczeczot.pl\/","url":"https:\/\/aleksandraczeczot.pl\/","name":"Fizjoterapia Wroc\u0142aw - Aleksandra Czeczot","isPartOf":{"@id":"https:\/\/aleksandraczeczot.pl\/#website"},"datePublished":"2015-08-06T19:04:18+00:00","dateModified":"2023-03-01T21:11:09+00:00","description":"Fizjoterapia Wroc\u0142aw - Metoda FITS - Leczenie Skolioz - Terapia Manualna Holistyczna - Techniki Osteopatyczne - Terapeuta Manualny - Leczenie b\u00f3lu plec\u00f3w","breadcrumb":{"@id":"https:\/\/aleksandraczeczot.pl\/#breadcrumb"},"inLanguage":"pl-PL","potentialAction":[{"@type":"ReadAction","target":["https:\/\/aleksandraczeczot.pl\/"]}]},{"@type":"BreadcrumbList","@id":"https:\/\/aleksandraczeczot.pl\/#breadcrumb","itemListElement":[{"@type":"ListItem","position":1,"name":"Strona g\u0142\u00f3wna","item":"https:\/\/aleksandraczeczot.pl\/"},{"@type":"ListItem","position":2,"name":"Fizjoterapia Wroc\u0142aw"}]},{"@type":"WebSite","@id":"https:\/\/aleksandraczeczot.pl\/#website","url":"https:\/\/aleksandraczeczot.pl\/","name":"Aleksandra Czeczot","description":"Fizjoterapia","publisher":{"@id":"https:\/\/aleksandraczeczot.pl\/#\/schema\/person\/1bbcbc7524464b8562b2eafa82bb748e"},"potentialAction":[{"@type":"SearchAction","target":{"@type":"EntryPoint","urlTemplate":"https:\/\/aleksandraczeczot.pl\/?s={search_term_string}"},"query-input":{"@type":"PropertyValueSpecification","valueRequired":true,"valueName":"search_term_string"}}],"inLanguage":"pl-PL"},{"@type":["Person","Organization"],"@id":"https:\/\/aleksandraczeczot.pl\/#\/schema\/person\/1bbcbc7524464b8562b2eafa82bb748e","name":"Aleksandra Czeczot","image":{"@type":"ImageObject","inLanguage":"pl-PL","@id":"https:\/\/aleksandraczeczot.pl\/#\/schema\/person\/image\/","url":"https:\/\/secure.gravatar.com\/avatar\/88b6722d52d7101ffde638b25bafa478?s=96&d=mm&r=g","contentUrl":"https:\/\/secure.gravatar.com\/avatar\/88b6722d52d7101ffde638b25bafa478?s=96&d=mm&r=g","caption":"Aleksandra Czeczot"},"logo":{"@id":"https:\/\/aleksandraczeczot.pl\/#\/schema\/person\/image\/"}}]}},"_links":{"self":[{"href":"https:\/\/aleksandraczeczot.pl\/index.php\/wp-json\/wp\/v2\/pages\/10","targetHints":{"allow":["GET"]}}],"collection":[{"href":"https:\/\/aleksandraczeczot.pl\/index.php\/wp-json\/wp\/v2\/pages"}],"about":[{"href":"https:\/\/aleksandraczeczot.pl\/index.php\/wp-json\/wp\/v2\/types\/page"}],"author":[{"embeddable":true,"href":"https:\/\/aleksandraczeczot.pl\/index.php\/wp-json\/wp\/v2\/users\/1"}],"replies":[{"embeddable":true,"href":"https:\/\/aleksandraczeczot.pl\/index.php\/wp-json\/wp\/v2\/comments?post=10"}],"version-history":[{"count":60,"href":"https:\/\/aleksandraczeczot.pl\/index.php\/wp-json\/wp\/v2\/pages\/10\/revisions"}],"predecessor-version":[{"id":637,"href":"https:\/\/aleksandraczeczot.pl\/index.php\/wp-json\/wp\/v2\/pages\/10\/revisions\/637"}],"wp:attachment":[{"href":"https:\/\/aleksandraczeczot.pl\/index.php\/wp-json\/wp\/v2\/media?parent=10"}],"curies":[{"name":"wp","href":"https:\/\/api.w.org\/{rel}","templated":true}]}}