{"id":295,"date":"2017-07-24T21:20:14","date_gmt":"2017-07-24T19:20:14","guid":{"rendered":"http:\/\/aleksandraczeczot.pl\/?page_id=295"},"modified":"2025-10-02T23:13:43","modified_gmt":"2025-10-02T21:13:43","slug":"terapia-kobiet-ciazy","status":"publish","type":"page","link":"https:\/\/aleksandraczeczot.pl\/index.php\/terapia\/terapia-kobiet-ciazy\/","title":{"rendered":"Terapia kobiet w ci\u0105\u017cy"},"content":{"rendered":"<div id=\"pl-295\"  class=\"panel-layout\" ><div id=\"pg-295-0\"  class=\"panel-grid panel-has-style\" ><div class=\"siteorigin-panels-stretch panel-row-style panel-row-style-for-295-0\" id=\"services\" data-stretch-type=\"full\" ><div id=\"pgc-295-0-0\"  class=\"panel-grid-cell\" ><div id=\"panel-295-0-0-0\" class=\"so-panel widget widget_sow-headline panel-first-child panel-last-child\" data-index=\"0\" ><div class=\"panel-widget-style panel-widget-style-for-295-0-0-0\" ><div\n\t\t\t\n\t\t\tclass=\"so-widget-sow-headline so-widget-sow-headline-default-4510ba8d7d8c-295\"\n\t\t\t\n\t\t><div class=\"sow-headline-container \">\n\t\t\t\t\t\t\t<h1 class=\"sow-headline\">\n\t\t\t\t\t\t\t\t\t\t\t\t\t<a href=\"#go-down\" >\n\t\t\t\t\t\t\t\tTerapia kobiet w ciazy<\/a>\t\t\t\t\t\t<\/h1>\n\t\t\t\t\t\t\t\t\t\t\t<div class=\"decoration\">\n\t\t\t\t\t\t<div class=\"decoration-inside\"><\/div>\n\t\t\t\t\t<\/div>\n\t\t\t\t\t<\/div>\n<\/div><\/div><\/div><\/div><\/div><\/div><div id=\"pg-295-1\"  class=\"panel-grid panel-has-style\" ><div class=\"siteorigin-panels-stretch panel-row-style panel-row-style-for-295-1\" data-stretch-type=\"full-width-stretch\" ><div id=\"pgc-295-1-0\"  class=\"panel-grid-cell\" ><div id=\"panel-295-1-0-0\" class=\"so-panel widget widget_sow-image panel-first-child panel-last-child\" data-index=\"1\" ><div\n\t\t\t\n\t\t\tclass=\"so-widget-sow-image so-widget-sow-image-default-c4f6304fc136-295\"\n\t\t\t\n\t\t>\n<div class=\"sow-image-container\">\n\t\t<img loading=\"lazy\" decoding=\"async\" src=\"https:\/\/aleksandraczeczot.pl\/wp-content\/uploads\/2025\/10\/Terapia-kobiet-w-ciazy-Wroclaw-scaled.jpg\" width=\"2560\" height=\"1707\" srcset=\"https:\/\/aleksandraczeczot.pl\/wp-content\/uploads\/2025\/10\/Terapia-kobiet-w-ciazy-Wroclaw-scaled.jpg 2560w, https:\/\/aleksandraczeczot.pl\/wp-content\/uploads\/2025\/10\/Terapia-kobiet-w-ciazy-Wroclaw-300x200.jpg 300w, https:\/\/aleksandraczeczot.pl\/wp-content\/uploads\/2025\/10\/Terapia-kobiet-w-ciazy-Wroclaw-1024x683.jpg 1024w, https:\/\/aleksandraczeczot.pl\/wp-content\/uploads\/2025\/10\/Terapia-kobiet-w-ciazy-Wroclaw-768x512.jpg 768w, https:\/\/aleksandraczeczot.pl\/wp-content\/uploads\/2025\/10\/Terapia-kobiet-w-ciazy-Wroclaw-1536x1024.jpg 1536w, https:\/\/aleksandraczeczot.pl\/wp-content\/uploads\/2025\/10\/Terapia-kobiet-w-ciazy-Wroclaw-2048x1365.jpg 2048w, https:\/\/aleksandraczeczot.pl\/wp-content\/uploads\/2025\/10\/Terapia-kobiet-w-ciazy-Wroclaw-272x182.jpg 272w\" sizes=\"auto, (max-width: 2560px) 100vw, 2560px\" title=\"Terapia-kobiet-w-ci\u0105\u017cy-Wroclaw\" alt=\"\" \t\tclass=\"so-widget-image\"\/>\n\t<\/div>\n\n<\/div><\/div><\/div><\/div><\/div><div id=\"pg-295-2\"  class=\"panel-grid panel-has-style\" ><div class=\"siteorigin-panels-stretch panel-row-style panel-row-style-for-295-2\" data-stretch-type=\"full-width-stretch\" ><div id=\"pgc-295-2-0\"  class=\"panel-grid-cell\" ><div id=\"panel-295-2-0-0\" class=\"so-panel widget widget_sow-editor panel-first-child panel-last-child\" data-index=\"2\" ><div class=\"panel-widget-style panel-widget-style-for-295-2-0-0\" ><div\n\t\t\t\n\t\t\tclass=\"so-widget-sow-editor so-widget-sow-editor-base\"\n\t\t\t\n\t\t>\n<div class=\"siteorigin-widget-tinymce textwidget\">\n\t<p><a name=\"go-down\"><\/a><\/p>\n<span class=\"\" style=\"display:block;clear:both;height: 0px;padding-top: 70px;border-top-width:0px;border-bottom-width:0px;\"><\/span><\/div>\n<\/div><\/div><\/div><\/div><\/div><\/div><div id=\"pg-295-3\"  class=\"panel-grid panel-no-style\" ><div id=\"pgc-295-3-0\"  class=\"panel-grid-cell panel-grid-cell-empty\" ><\/div><div id=\"pgc-295-3-1\"  class=\"panel-grid-cell panel-grid-cell-mobile-last\" ><div id=\"panel-295-3-1-0\" class=\"so-panel widget widget_sow-editor panel-first-child panel-last-child\" data-index=\"3\" ><div\n\t\t\t\n\t\t\tclass=\"so-widget-sow-editor so-widget-sow-editor-base\"\n\t\t\t\n\t\t>\n<div class=\"siteorigin-widget-tinymce textwidget\">\n\t<div style=\"text-align: justify;\"><span style=\"font-family: helvetica, arial, sans-serif;\"><strong>Ci\u0105\u017ca<\/strong> niesie za sob\u0105 wiele zmian w ciele kobiety. Dzieje si\u0119 to za po\u015brednictwem hormon\u00f3w wydzielanych w trakcie jej trwania. Pierwsz\u0105 du\u017c\u0105 i zauwa\u017caln\u0105 dla przysz\u0142ej mamy przemian\u0105 jest zmiana po\u0142o\u017cenia \u015brodka ci\u0119\u017cko\u015bci cia\u0142a, a co za tym idzie pog\u0142\u0119bienie lordozy l\u0119d\u017awiowej. Takie ustawienie kr\u0119gos\u0142upa cz\u0119sto jest dla ci\u0119\u017carnej sporym obci\u0105\u017ceniem i sprzyja pojawianiu si\u0119 b\u00f3lu w dolnym odcinku kr\u0119gos\u0142upa, je\u015bli jej mi\u0119\u015bnie wykazuj\u0105 nieprawid\u0142owe napi\u0119cie. Kolejn\u0105 bardzo powa\u017cn\u0105 zmian\u0105 w ciele kobiety jest zwi\u0119kszenie ruchomo\u015bci w stawach krzy\u017cowo-biodrowych. Powoduje to cz\u0119sto problemy b\u00f3lowe po\u015bladk\u00f3w, ko\u015bci krzy\u017cowej, ko\u015bci ogonowej, a nawet promieniuj\u0105ce do stopy b\u00f3le przypominaj\u0105ce rw\u0119 kulszow\u0105. Opieka fizjoterapeutyczna w tym okresie pozwala w znacz\u0105cy spos\u00f3b zniwelowa\u0107 powy\u017csze dolegliwo\u015bci.<\/span><\/div>\n<div>\u00a0<\/div>\n<p style=\"text-align: justify;\"><span style=\"font-family: helvetica, arial, sans-serif;\">Wi\u0119kszo\u015b\u0107 przysz\u0142ych mam nies\u0142usznie zmniejsza aktywno\u015b\u0107 fizyczn\u0105, co cz\u0119sto doprowadza do powstawania licznych napi\u0119\u0107 mi\u0119\u015bniowo - powi\u0119ziowych. W przypadku braku przeciwwskaza\u0144 od lekarza prowadz\u0105cego istotne jest podtrzymanie aktywno\u015bci fizycznej, a szczeg\u00f3lnie dbanie o r\u00f3wnowag\u0119 mi\u0119\u015bniowo - powi\u0119ziow\u0105 pomi\u0119dzy mi\u0119\u015bniami s\u0142abymi i nadmiernie napi\u0119tymi. Szczeg\u00f3lny nacisk w terapii w tym okresie k\u0142adziony jest na <strong>wzmocnienie mi\u0119\u015bni dna miednicy.<\/strong> Istotnie wspomaga to proces przygotowania do porodu, zapobiega powstawaniu dolegliwo\u015bci b\u00f3lowych, a tak\u017ce stanowi profilaktyk\u0119 przed wysi\u0142kowym nietrzymaniu moczu. Wszystkie techniki stosowane w terapii s\u0105 bezpieczne zar\u00f3wno dla przysz\u0142ej mamy jak i dla dziecka. Dzi\u0119ki takiemu dzia\u0142aniu nie ma \u017cadnego ryzyka w trakcie pracy niezale\u017cnie od tego, w kt\u00f3rym trymestrze ci\u0105\u017cy pracujemy.<\/span><\/p>\n<p>\u00a0<\/p>\n<p style=\"text-align: center;\"><span style=\"font-family: helvetica, arial, sans-serif;\">Najcz\u0119stsze dolegliwo\u015bci przysz\u0142ych mam to :<\/span><\/p>\n<p style=\"padding-left: 120px;\">\u00a0<\/p>\n<\/div>\n<\/div><\/div><\/div><div id=\"pgc-295-3-2\"  class=\"panel-grid-cell panel-grid-cell-empty\" ><\/div><\/div><div id=\"pg-295-4\"  class=\"panel-grid panel-no-style\" ><div id=\"pgc-295-4-0\"  class=\"panel-grid-cell panel-grid-cell-empty\" ><\/div><div id=\"pgc-295-4-1\"  class=\"panel-grid-cell panel-grid-cell-empty\" ><\/div><div id=\"pgc-295-4-2\"  class=\"panel-grid-cell panel-grid-cell-mobile-last\" ><div id=\"panel-295-4-2-0\" class=\"so-panel widget widget_sow-editor panel-first-child\" data-index=\"4\" ><div class=\"panel-widget-style panel-widget-style-for-295-4-2-0\" ><div\n\t\t\t\n\t\t\tclass=\"so-widget-sow-editor so-widget-sow-editor-base\"\n\t\t\t\n\t\t>\n<div class=\"siteorigin-widget-tinymce textwidget\">\n\t<p><span style=\"font-family: helvetica, arial, sans-serif;\">Dr\u0119twienia palc\u00f3w d\u0142oni<\/span><\/p>\n<\/div>\n<\/div><\/div><\/div><div id=\"panel-295-4-2-1\" class=\"so-panel widget widget_sow-editor\" data-index=\"5\" ><div class=\"panel-widget-style panel-widget-style-for-295-4-2-1\" ><div\n\t\t\t\n\t\t\tclass=\"so-widget-sow-editor so-widget-sow-editor-base\"\n\t\t\t\n\t\t>\n<div class=\"siteorigin-widget-tinymce textwidget\">\n\t<p><span style=\"font-family: helvetica, arial, sans-serif;\">B\u00f3le odcinka piersiowego<\/span><\/p>\n<\/div>\n<\/div><\/div><\/div><div id=\"panel-295-4-2-2\" class=\"so-panel widget widget_sow-editor\" data-index=\"6\" ><div class=\"panel-widget-style panel-widget-style-for-295-4-2-2\" ><div\n\t\t\t\n\t\t\tclass=\"so-widget-sow-editor so-widget-sow-editor-base\"\n\t\t\t\n\t\t>\n<div class=\"siteorigin-widget-tinymce textwidget\">\n\t<p><span style=\"font-family: helvetica, arial, sans-serif;\">B\u00f3le bioder<\/span><\/p>\n<\/div>\n<\/div><\/div><\/div><div id=\"panel-295-4-2-3\" class=\"so-panel widget widget_sow-editor\" data-index=\"7\" ><div class=\"panel-widget-style panel-widget-style-for-295-4-2-3\" ><div\n\t\t\t\n\t\t\tclass=\"so-widget-sow-editor so-widget-sow-editor-base\"\n\t\t\t\n\t\t>\n<div class=\"siteorigin-widget-tinymce textwidget\">\n\t<p><span style=\"font-family: helvetica, arial, sans-serif;\">B\u00f3le kolan<\/span><\/p>\n<\/div>\n<\/div><\/div><\/div><div id=\"panel-295-4-2-4\" class=\"so-panel widget widget_sow-editor\" data-index=\"8\" ><div class=\"panel-widget-style panel-widget-style-for-295-4-2-4\" ><div\n\t\t\t\n\t\t\tclass=\"so-widget-sow-editor so-widget-sow-editor-base\"\n\t\t\t\n\t\t>\n<div class=\"siteorigin-widget-tinymce textwidget\">\n\t<p><span style=\"font-family: helvetica, arial, sans-serif;\">B\u00f3le po\u015bladk\u00f3w<\/span><\/p>\n<\/div>\n<\/div><\/div><\/div><div id=\"panel-295-4-2-5\" class=\"so-panel widget widget_sow-editor\" data-index=\"9\" ><div class=\"panel-widget-style panel-widget-style-for-295-4-2-5\" ><div\n\t\t\t\n\t\t\tclass=\"so-widget-sow-editor so-widget-sow-editor-base\"\n\t\t\t\n\t\t>\n<div class=\"siteorigin-widget-tinymce textwidget\">\n\t<p><span style=\"font-family: helvetica, arial, sans-serif;\">B\u00f3le promieniuj\u0105ce do stopy<\/span><\/p>\n<\/div>\n<\/div><\/div><\/div><div id=\"panel-295-4-2-6\" class=\"so-panel widget widget_sow-editor\" data-index=\"10\" ><div class=\"panel-widget-style panel-widget-style-for-295-4-2-6\" ><div\n\t\t\t\n\t\t\tclass=\"so-widget-sow-editor so-widget-sow-editor-base\"\n\t\t\t\n\t\t>\n<div class=\"siteorigin-widget-tinymce textwidget\">\n\t<p><span style=\"font-family: helvetica, arial, sans-serif;\">Rwa kulszowa<\/span><\/p>\n<\/div>\n<\/div><\/div><\/div><div id=\"panel-295-4-2-7\" class=\"so-panel widget widget_sow-editor\" data-index=\"11\" ><div class=\"panel-widget-style panel-widget-style-for-295-4-2-7\" ><div\n\t\t\t\n\t\t\tclass=\"so-widget-sow-editor so-widget-sow-editor-base\"\n\t\t\t\n\t\t>\n<div class=\"siteorigin-widget-tinymce textwidget\">\n\t<p><span style=\"font-family: helvetica, arial, sans-serif;\">Mrowienia palc\u00f3w d\u0142oni<\/span><\/p>\n<\/div>\n<\/div><\/div><\/div><div id=\"panel-295-4-2-8\" class=\"so-panel widget widget_sow-editor\" data-index=\"12\" ><div class=\"panel-widget-style panel-widget-style-for-295-4-2-8\" ><div\n\t\t\t\n\t\t\tclass=\"so-widget-sow-editor so-widget-sow-editor-base\"\n\t\t\t\n\t\t>\n<div class=\"siteorigin-widget-tinymce textwidget\">\n\t<p><span style=\"font-family: helvetica, arial, sans-serif;\">Mrowienia stopy<\/span><\/p>\n<\/div>\n<\/div><\/div><\/div><div id=\"panel-295-4-2-9\" class=\"so-panel widget widget_sow-editor panel-last-child\" data-index=\"13\" ><div class=\"panel-widget-style panel-widget-style-for-295-4-2-9\" ><div\n\t\t\t\n\t\t\tclass=\"so-widget-sow-editor so-widget-sow-editor-base\"\n\t\t\t\n\t\t>\n<div class=\"siteorigin-widget-tinymce textwidget\">\n\t<p><span style=\"font-family: helvetica, arial, sans-serif;\">Obrz\u0119ki r\u0105k i st\u00f3p<\/span><\/p>\n<\/div>\n<\/div><\/div><\/div><\/div><div id=\"pgc-295-4-3\"  class=\"panel-grid-cell panel-grid-cell-empty\" ><\/div><\/div><div id=\"pg-295-5\"  class=\"panel-grid panel-no-style\" ><div id=\"pgc-295-5-0\"  class=\"panel-grid-cell panel-grid-cell-empty\" ><\/div><div id=\"pgc-295-5-1\"  class=\"panel-grid-cell panel-grid-cell-mobile-last\" ><div id=\"panel-295-5-1-0\" class=\"so-panel widget widget_sow-editor panel-first-child panel-last-child\" data-index=\"14\" ><div\n\t\t\t\n\t\t\tclass=\"so-widget-sow-editor so-widget-sow-editor-base\"\n\t\t\t\n\t\t>\n<div class=\"siteorigin-widget-tinymce textwidget\">\n\t<p style=\"text-align: center;\">\u00a0<\/p>\n<p style=\"padding-left: 120px;\">\u00a0<\/p>\n<\/div>\n<\/div><\/div><\/div><div id=\"pgc-295-5-2\"  class=\"panel-grid-cell panel-grid-cell-empty\" ><\/div><\/div><div id=\"pg-295-6\"  class=\"panel-grid panel-no-style\" ><div id=\"pgc-295-6-0\"  class=\"panel-grid-cell\" ><div id=\"panel-295-6-0-0\" class=\"so-panel widget widget_sow-hero panel-first-child panel-last-child\" data-index=\"15\" ><div class=\"panel-widget-style panel-widget-style-for-295-6-0-0\" ><div\n\t\t\t\n\t\t\tclass=\"so-widget-sow-hero so-widget-sow-hero-default-7c3c2c33d60f-295 so-widget-fittext-wrapper\"\n\t\t\t\n\t\t>\t\t\t\t<div class=\"sow-slider-base\" style=\"display: none\" tabindex=\"0\">\n\t\t\t\t\t<ul\n\t\t\t\t\tclass=\"sow-slider-images\"\n\t\t\t\t\tdata-settings=\"{&quot;pagination&quot;:true,&quot;speed&quot;:800,&quot;timeout&quot;:8000,&quot;paused&quot;:false,&quot;pause_on_hover&quot;:false,&quot;swipe&quot;:true,&quot;nav_always_show_desktop&quot;:&quot;&quot;,&quot;nav_always_show_mobile&quot;:&quot;&quot;,&quot;breakpoint&quot;:&quot;780px&quot;,&quot;unmute&quot;:false,&quot;anchor&quot;:null}\"\n\t\t\t\t\tstyle=\"min-height: 120px\"\t\t\t\t\tdata-anchor-id=\"\"\n\t\t\t\t>\t\t<li class=\"sow-slider-image\" style=\"visibility: visible;;background-color: #27cbcd;cursor: pointer;\" data-url=\"{&quot;url&quot;:&quot;https:\\\/\\\/aleksandraczeczot.pl\\\/index.php\\\/terapia\\\/&quot;,&quot;new_window&quot;:false}\" >\n\t\t\t\t\t<div class=\"sow-slider-image-container\">\n\t\t\t<div class=\"sow-slider-image-wrapper\">\n\t\t\t\t<h1 style=\"text-align: center\"><span style=\"font-family: helvetica, arial, sans-serif;color: #ffffff\">Pozosta\u0142e rodzaje terapii<\/span><\/h1>\t\t\t<\/div>\n\t\t<\/div>\n\t\t\t\t<\/li>\n\t\t<\/ul>\t\t\t\t<ol class=\"sow-slider-pagination\">\n\t\t\t\t\t\t\t\t\t\t\t<li><a href=\"#\" data-goto=\"0\" aria-label=\"Display slide 1\"><\/a><\/li>\n\t\t\t\t\t\t\t\t\t<\/ol>\n\n\t\t\t\t<div class=\"sow-slide-nav sow-slide-nav-next\">\n\t\t\t\t\t<a href=\"#\" data-goto=\"next\" aria-label=\"Next slide\" data-action=\"next\">\n\t\t\t\t\t\t<em class=\"sow-sld-icon-thin-right\"><\/em>\n\t\t\t\t\t<\/a>\n\t\t\t\t<\/div>\n\n\t\t\t\t<div class=\"sow-slide-nav sow-slide-nav-prev\">\n\t\t\t\t\t<a href=\"#\" data-goto=\"previous\" aria-label=\"Previous slide\" data-action=\"prev\">\n\t\t\t\t\t\t<em class=\"sow-sld-icon-thin-left\"><\/em>\n\t\t\t\t\t<\/a>\n\t\t\t\t<\/div>\n\t\t\t\t<\/div><\/div><\/div><\/div><\/div><div id=\"pgc-295-6-1\"  class=\"panel-grid-cell\" ><div id=\"panel-295-6-1-0\" class=\"so-panel widget widget_sow-hero panel-first-child panel-last-child\" data-index=\"16\" ><div class=\"panel-widget-style panel-widget-style-for-295-6-1-0\" ><div\n\t\t\t\n\t\t\tclass=\"so-widget-sow-hero so-widget-sow-hero-default-7c3c2c33d60f-295 so-widget-fittext-wrapper\"\n\t\t\t\n\t\t>\t\t\t\t<div class=\"sow-slider-base\" style=\"display: none\" tabindex=\"0\">\n\t\t\t\t\t<ul\n\t\t\t\t\tclass=\"sow-slider-images\"\n\t\t\t\t\tdata-settings=\"{&quot;pagination&quot;:true,&quot;speed&quot;:800,&quot;timeout&quot;:8000,&quot;paused&quot;:false,&quot;pause_on_hover&quot;:false,&quot;swipe&quot;:true,&quot;nav_always_show_desktop&quot;:&quot;&quot;,&quot;nav_always_show_mobile&quot;:&quot;&quot;,&quot;breakpoint&quot;:&quot;780px&quot;,&quot;unmute&quot;:false,&quot;anchor&quot;:null}\"\n\t\t\t\t\tstyle=\"min-height: 120px\"\t\t\t\t\tdata-anchor-id=\"\"\n\t\t\t\t>\t\t<li class=\"sow-slider-image\" style=\"visibility: visible;;background-color: #27cbcd;cursor: pointer;\" data-url=\"{&quot;url&quot;:&quot;https:\\\/\\\/aleksandraczeczot.pl\\\/index.php\\\/kontakt\\\/&quot;,&quot;new_window&quot;:false}\" >\n\t\t\t\t\t<div class=\"sow-slider-image-container\">\n\t\t\t<div class=\"sow-slider-image-wrapper\">\n\t\t\t\t<h1 style=\"text-align: center\"><span style=\"font-family: helvetica, arial, sans-serif;color: #ffffff\">Kontakt<\/span><\/h1>\t\t\t<\/div>\n\t\t<\/div>\n\t\t\t\t<\/li>\n\t\t<\/ul>\t\t\t\t<ol class=\"sow-slider-pagination\">\n\t\t\t\t\t\t\t\t\t\t\t<li><a href=\"#\" data-goto=\"0\" aria-label=\"Display slide 1\"><\/a><\/li>\n\t\t\t\t\t\t\t\t\t<\/ol>\n\n\t\t\t\t<div class=\"sow-slide-nav sow-slide-nav-next\">\n\t\t\t\t\t<a href=\"#\" data-goto=\"next\" aria-label=\"Next slide\" data-action=\"next\">\n\t\t\t\t\t\t<em class=\"sow-sld-icon-thin-right\"><\/em>\n\t\t\t\t\t<\/a>\n\t\t\t\t<\/div>\n\n\t\t\t\t<div class=\"sow-slide-nav sow-slide-nav-prev\">\n\t\t\t\t\t<a href=\"#\" data-goto=\"previous\" aria-label=\"Previous slide\" data-action=\"prev\">\n\t\t\t\t\t\t<em class=\"sow-sld-icon-thin-left\"><\/em>\n\t\t\t\t\t<\/a>\n\t\t\t\t<\/div>\n\t\t\t\t<\/div><\/div><\/div><\/div><\/div><\/div><div id=\"pg-295-7\"  class=\"panel-grid panel-no-style\" ><div id=\"pgc-295-7-0\"  class=\"panel-grid-cell\" ><div id=\"panel-295-7-0-0\" class=\"so-panel widget widget_sow-editor panel-first-child panel-last-child\" data-index=\"17\" ><div\n\t\t\t\n\t\t\tclass=\"so-widget-sow-editor so-widget-sow-editor-base\"\n\t\t\t\n\t\t>\n<div class=\"siteorigin-widget-tinymce textwidget\">\n\t<style> .sow-slider-image-wrapper:hover{background-color: #369496;} <\/style>\n<\/div>\n<\/div><\/div><\/div><\/div><\/div>","protected":false},"excerpt":{"rendered":"<p>Terapia kobiet w ciazy Ci\u0105\u017ca niesie za sob\u0105 wiele zmian w ciele kobiety. Dzieje si\u0119 to za po\u015brednictwem hormon\u00f3w wydzielanych w trakcie jej trwania. Pierwsz\u0105 du\u017c\u0105 i zauwa\u017caln\u0105 dla przysz\u0142ej mamy przemian\u0105 jest zmiana po\u0142o\u017cenia \u015brodka ci\u0119\u017cko\u015bci cia\u0142a, a co za tym idzie pog\u0142\u0119bienie lordozy l\u0119d\u017awiowej. Takie ustawienie kr\u0119gos\u0142upa cz\u0119sto jest dla ci\u0119\u017carnej sporym obci\u0105\u017ceniem [&hellip;]<\/p>\n","protected":false},"author":1,"featured_media":0,"parent":34,"menu_order":0,"comment_status":"closed","ping_status":"closed","template":"","meta":{"footnotes":""},"class_list":["post-295","page","type-page","status-publish","czr-hentry"],"yoast_head":"<!-- This site is optimized with the Yoast SEO plugin v24.7 - https:\/\/yoast.com\/wordpress\/plugins\/seo\/ -->\n<title>Terapia kobiet w ci\u0105\u017cy - Aleksandra Czeczot<\/title>\n<meta name=\"description\" content=\"Terapia kobiet w ci\u0105\u017cy skupia si\u0119 g\u0142\u00f3wnie na wzmocnieniu mi\u0119\u015bni dna miednicy, rozlu\u017anieniu napi\u0119\u0107 mi\u0119\u015bniowo-powi\u0119ziowych i prac\u0105 nad b\u00f3lem plec\u00f3w. Wroc\u0142aw.\" \/>\n<meta name=\"robots\" content=\"index, follow, max-snippet:-1, max-image-preview:large, max-video-preview:-1\" \/>\n<link rel=\"canonical\" href=\"https:\/\/aleksandraczeczot.pl\/index.php\/terapia\/terapia-kobiet-ciazy\/\" \/>\n<meta property=\"og:locale\" content=\"pl_PL\" \/>\n<meta property=\"og:type\" content=\"article\" \/>\n<meta property=\"og:title\" content=\"Terapia kobiet w ci\u0105\u017cy - Aleksandra Czeczot\" \/>\n<meta property=\"og:description\" content=\"Terapia kobiet w ci\u0105\u017cy skupia si\u0119 g\u0142\u00f3wnie na wzmocnieniu mi\u0119\u015bni dna miednicy, rozlu\u017anieniu napi\u0119\u0107 mi\u0119\u015bniowo-powi\u0119ziowych i prac\u0105 nad b\u00f3lem plec\u00f3w. Wroc\u0142aw.\" \/>\n<meta property=\"og:url\" content=\"https:\/\/aleksandraczeczot.pl\/index.php\/terapia\/terapia-kobiet-ciazy\/\" \/>\n<meta property=\"og:site_name\" content=\"Aleksandra Czeczot\" \/>\n<meta property=\"article:modified_time\" content=\"2025-10-02T21:13:43+00:00\" \/>\n<meta name=\"twitter:card\" content=\"summary_large_image\" \/>\n<meta name=\"twitter:label1\" content=\"Szacowany czas czytania\" \/>\n\t<meta name=\"twitter:data1\" content=\"2 minuty\" \/>\n<script type=\"application\/ld+json\" class=\"yoast-schema-graph\">{\"@context\":\"https:\/\/schema.org\",\"@graph\":[{\"@type\":\"WebPage\",\"@id\":\"https:\/\/aleksandraczeczot.pl\/index.php\/terapia\/terapia-kobiet-ciazy\/\",\"url\":\"https:\/\/aleksandraczeczot.pl\/index.php\/terapia\/terapia-kobiet-ciazy\/\",\"name\":\"Terapia kobiet w ci\u0105\u017cy - Aleksandra Czeczot\",\"isPartOf\":{\"@id\":\"https:\/\/aleksandraczeczot.pl\/#website\"},\"datePublished\":\"2017-07-24T19:20:14+00:00\",\"dateModified\":\"2025-10-02T21:13:43+00:00\",\"description\":\"Terapia kobiet w ci\u0105\u017cy skupia si\u0119 g\u0142\u00f3wnie na wzmocnieniu mi\u0119\u015bni dna miednicy, rozlu\u017anieniu napi\u0119\u0107 mi\u0119\u015bniowo-powi\u0119ziowych i prac\u0105 nad b\u00f3lem plec\u00f3w. Wroc\u0142aw.\",\"breadcrumb\":{\"@id\":\"https:\/\/aleksandraczeczot.pl\/index.php\/terapia\/terapia-kobiet-ciazy\/#breadcrumb\"},\"inLanguage\":\"pl-PL\",\"potentialAction\":[{\"@type\":\"ReadAction\",\"target\":[\"https:\/\/aleksandraczeczot.pl\/index.php\/terapia\/terapia-kobiet-ciazy\/\"]}]},{\"@type\":\"BreadcrumbList\",\"@id\":\"https:\/\/aleksandraczeczot.pl\/index.php\/terapia\/terapia-kobiet-ciazy\/#breadcrumb\",\"itemListElement\":[{\"@type\":\"ListItem\",\"position\":1,\"name\":\"Strona g\u0142\u00f3wna\",\"item\":\"https:\/\/aleksandraczeczot.pl\/\"},{\"@type\":\"ListItem\",\"position\":2,\"name\":\"Terapia\",\"item\":\"https:\/\/aleksandraczeczot.pl\/index.php\/terapia\/\"},{\"@type\":\"ListItem\",\"position\":3,\"name\":\"Terapia kobiet w ci\u0105\u017cy\"}]},{\"@type\":\"WebSite\",\"@id\":\"https:\/\/aleksandraczeczot.pl\/#website\",\"url\":\"https:\/\/aleksandraczeczot.pl\/\",\"name\":\"Aleksandra Czeczot\",\"description\":\"Fizjoterapia\",\"publisher\":{\"@id\":\"https:\/\/aleksandraczeczot.pl\/#\/schema\/person\/1bbcbc7524464b8562b2eafa82bb748e\"},\"potentialAction\":[{\"@type\":\"SearchAction\",\"target\":{\"@type\":\"EntryPoint\",\"urlTemplate\":\"https:\/\/aleksandraczeczot.pl\/?s={search_term_string}\"},\"query-input\":{\"@type\":\"PropertyValueSpecification\",\"valueRequired\":true,\"valueName\":\"search_term_string\"}}],\"inLanguage\":\"pl-PL\"},{\"@type\":[\"Person\",\"Organization\"],\"@id\":\"https:\/\/aleksandraczeczot.pl\/#\/schema\/person\/1bbcbc7524464b8562b2eafa82bb748e\",\"name\":\"Aleksandra Czeczot\",\"image\":{\"@type\":\"ImageObject\",\"inLanguage\":\"pl-PL\",\"@id\":\"https:\/\/aleksandraczeczot.pl\/#\/schema\/person\/image\/\",\"url\":\"https:\/\/secure.gravatar.com\/avatar\/88b6722d52d7101ffde638b25bafa478?s=96&d=mm&r=g\",\"contentUrl\":\"https:\/\/secure.gravatar.com\/avatar\/88b6722d52d7101ffde638b25bafa478?s=96&d=mm&r=g\",\"caption\":\"Aleksandra Czeczot\"},\"logo\":{\"@id\":\"https:\/\/aleksandraczeczot.pl\/#\/schema\/person\/image\/\"}}]}<\/script>\n<!-- \/ Yoast SEO plugin. -->","yoast_head_json":{"title":"Terapia kobiet w ci\u0105\u017cy - Aleksandra Czeczot","description":"Terapia kobiet w ci\u0105\u017cy skupia si\u0119 g\u0142\u00f3wnie na wzmocnieniu mi\u0119\u015bni dna miednicy, rozlu\u017anieniu napi\u0119\u0107 mi\u0119\u015bniowo-powi\u0119ziowych i prac\u0105 nad b\u00f3lem plec\u00f3w. Wroc\u0142aw.","robots":{"index":"index","follow":"follow","max-snippet":"max-snippet:-1","max-image-preview":"max-image-preview:large","max-video-preview":"max-video-preview:-1"},"canonical":"https:\/\/aleksandraczeczot.pl\/index.php\/terapia\/terapia-kobiet-ciazy\/","og_locale":"pl_PL","og_type":"article","og_title":"Terapia kobiet w ci\u0105\u017cy - Aleksandra Czeczot","og_description":"Terapia kobiet w ci\u0105\u017cy skupia si\u0119 g\u0142\u00f3wnie na wzmocnieniu mi\u0119\u015bni dna miednicy, rozlu\u017anieniu napi\u0119\u0107 mi\u0119\u015bniowo-powi\u0119ziowych i prac\u0105 nad b\u00f3lem plec\u00f3w. Wroc\u0142aw.","og_url":"https:\/\/aleksandraczeczot.pl\/index.php\/terapia\/terapia-kobiet-ciazy\/","og_site_name":"Aleksandra Czeczot","article_modified_time":"2025-10-02T21:13:43+00:00","twitter_card":"summary_large_image","twitter_misc":{"Szacowany czas czytania":"2 minuty"},"schema":{"@context":"https:\/\/schema.org","@graph":[{"@type":"WebPage","@id":"https:\/\/aleksandraczeczot.pl\/index.php\/terapia\/terapia-kobiet-ciazy\/","url":"https:\/\/aleksandraczeczot.pl\/index.php\/terapia\/terapia-kobiet-ciazy\/","name":"Terapia kobiet w ci\u0105\u017cy - Aleksandra Czeczot","isPartOf":{"@id":"https:\/\/aleksandraczeczot.pl\/#website"},"datePublished":"2017-07-24T19:20:14+00:00","dateModified":"2025-10-02T21:13:43+00:00","description":"Terapia kobiet w ci\u0105\u017cy skupia si\u0119 g\u0142\u00f3wnie na wzmocnieniu mi\u0119\u015bni dna miednicy, rozlu\u017anieniu napi\u0119\u0107 mi\u0119\u015bniowo-powi\u0119ziowych i prac\u0105 nad b\u00f3lem plec\u00f3w. Wroc\u0142aw.","breadcrumb":{"@id":"https:\/\/aleksandraczeczot.pl\/index.php\/terapia\/terapia-kobiet-ciazy\/#breadcrumb"},"inLanguage":"pl-PL","potentialAction":[{"@type":"ReadAction","target":["https:\/\/aleksandraczeczot.pl\/index.php\/terapia\/terapia-kobiet-ciazy\/"]}]},{"@type":"BreadcrumbList","@id":"https:\/\/aleksandraczeczot.pl\/index.php\/terapia\/terapia-kobiet-ciazy\/#breadcrumb","itemListElement":[{"@type":"ListItem","position":1,"name":"Strona g\u0142\u00f3wna","item":"https:\/\/aleksandraczeczot.pl\/"},{"@type":"ListItem","position":2,"name":"Terapia","item":"https:\/\/aleksandraczeczot.pl\/index.php\/terapia\/"},{"@type":"ListItem","position":3,"name":"Terapia kobiet w ci\u0105\u017cy"}]},{"@type":"WebSite","@id":"https:\/\/aleksandraczeczot.pl\/#website","url":"https:\/\/aleksandraczeczot.pl\/","name":"Aleksandra Czeczot","description":"Fizjoterapia","publisher":{"@id":"https:\/\/aleksandraczeczot.pl\/#\/schema\/person\/1bbcbc7524464b8562b2eafa82bb748e"},"potentialAction":[{"@type":"SearchAction","target":{"@type":"EntryPoint","urlTemplate":"https:\/\/aleksandraczeczot.pl\/?s={search_term_string}"},"query-input":{"@type":"PropertyValueSpecification","valueRequired":true,"valueName":"search_term_string"}}],"inLanguage":"pl-PL"},{"@type":["Person","Organization"],"@id":"https:\/\/aleksandraczeczot.pl\/#\/schema\/person\/1bbcbc7524464b8562b2eafa82bb748e","name":"Aleksandra Czeczot","image":{"@type":"ImageObject","inLanguage":"pl-PL","@id":"https:\/\/aleksandraczeczot.pl\/#\/schema\/person\/image\/","url":"https:\/\/secure.gravatar.com\/avatar\/88b6722d52d7101ffde638b25bafa478?s=96&d=mm&r=g","contentUrl":"https:\/\/secure.gravatar.com\/avatar\/88b6722d52d7101ffde638b25bafa478?s=96&d=mm&r=g","caption":"Aleksandra Czeczot"},"logo":{"@id":"https:\/\/aleksandraczeczot.pl\/#\/schema\/person\/image\/"}}]}},"_links":{"self":[{"href":"https:\/\/aleksandraczeczot.pl\/index.php\/wp-json\/wp\/v2\/pages\/295","targetHints":{"allow":["GET"]}}],"collection":[{"href":"https:\/\/aleksandraczeczot.pl\/index.php\/wp-json\/wp\/v2\/pages"}],"about":[{"href":"https:\/\/aleksandraczeczot.pl\/index.php\/wp-json\/wp\/v2\/types\/page"}],"author":[{"embeddable":true,"href":"https:\/\/aleksandraczeczot.pl\/index.php\/wp-json\/wp\/v2\/users\/1"}],"replies":[{"embeddable":true,"href":"https:\/\/aleksandraczeczot.pl\/index.php\/wp-json\/wp\/v2\/comments?post=295"}],"version-history":[{"count":48,"href":"https:\/\/aleksandraczeczot.pl\/index.php\/wp-json\/wp\/v2\/pages\/295\/revisions"}],"predecessor-version":[{"id":977,"href":"https:\/\/aleksandraczeczot.pl\/index.php\/wp-json\/wp\/v2\/pages\/295\/revisions\/977"}],"up":[{"embeddable":true,"href":"https:\/\/aleksandraczeczot.pl\/index.php\/wp-json\/wp\/v2\/pages\/34"}],"wp:attachment":[{"href":"https:\/\/aleksandraczeczot.pl\/index.php\/wp-json\/wp\/v2\/media?parent=295"}],"curies":[{"name":"wp","href":"https:\/\/api.w.org\/{rel}","templated":true}]}}