{"id":36,"date":"2016-01-12T18:19:48","date_gmt":"2016-01-12T17:19:48","guid":{"rendered":"http:\/\/aleksandraczeczot.pl\/?page_id=36"},"modified":"2025-03-31T23:14:28","modified_gmt":"2025-03-31T21:14:28","slug":"kontakt","status":"publish","type":"page","link":"https:\/\/aleksandraczeczot.pl\/index.php\/kontakt\/","title":{"rendered":"Kontakt"},"content":{"rendered":"<div id=\"pl-36\"  class=\"panel-layout\" ><div id=\"pg-36-0\"  class=\"panel-grid panel-has-style\" ><div class=\"siteorigin-panels-stretch panel-row-style panel-row-style-for-36-0\" id=\"services\" data-stretch-type=\"full\" ><div id=\"pgc-36-0-0\"  class=\"panel-grid-cell\" ><div id=\"panel-36-0-0-0\" class=\"so-panel widget widget_sow-headline panel-first-child panel-last-child\" data-index=\"0\" ><div class=\"panel-widget-style panel-widget-style-for-36-0-0-0\" ><div\n\t\t\t\n\t\t\tclass=\"so-widget-sow-headline so-widget-sow-headline-default-24fb8ac2caea-36\"\n\t\t\t\n\t\t><div class=\"sow-headline-container \">\n\t\t\t\t\t\t\t<h1 class=\"sow-headline\">\n\t\t\t\t\t\t\t\t\t\t\t\t\t<a href=\"#go-down\" >\n\t\t\t\t\t\t\t\tKontakt<\/a>\t\t\t\t\t\t<\/h1>\n\t\t\t\t\t\t\t\t\t\t\t<div class=\"decoration\">\n\t\t\t\t\t\t<div class=\"decoration-inside\"><\/div>\n\t\t\t\t\t<\/div>\n\t\t\t\t\t\t\t\t\t\t\t<h1 class=\"sow-sub-headline\">\n\t\t\t\t\t\tmgr Aleksandra Czeczot - fizjoterapia Wroclaw\t\t\t\t\t\t<\/h1>\n\t\t\t\t\t\t<\/div>\n<\/div><\/div><\/div><\/div><\/div><\/div><div id=\"pg-36-1\"  class=\"panel-grid panel-has-style\" ><div class=\"siteorigin-panels-stretch panel-row-style panel-row-style-for-36-1\" data-stretch-type=\"full-stretched\" ><div id=\"pgc-36-1-0\"  class=\"panel-grid-cell\" ><div id=\"panel-36-1-0-0\" class=\"so-panel widget widget_sow-editor panel-first-child panel-last-child\" data-index=\"1\" ><div class=\"panel-widget-style panel-widget-style-for-36-1-0-0\" ><div\n\t\t\t\n\t\t\tclass=\"so-widget-sow-editor so-widget-sow-editor-base\"\n\t\t\t\n\t\t>\n<div class=\"siteorigin-widget-tinymce textwidget\">\n\t<p><a name=\"go-down\"><\/a><\/p>\n<span class=\"\" style=\"display:block;clear:both;height: 0px;padding-top: 70px;border-top-width:0px;border-bottom-width:0px;\"><\/span>\n<\/div>\n<\/div><\/div><\/div><\/div><\/div><\/div><div id=\"pg-36-2\"  class=\"panel-grid panel-has-style\" ><div class=\"siteorigin-panels-stretch panel-row-style panel-row-style-for-36-2\" data-stretch-type=\"full-stretched\" ><div id=\"pgc-36-2-0\"  class=\"panel-grid-cell\" ><div id=\"panel-36-2-0-0\" class=\"widget_text so-panel widget widget_custom_html panel-first-child panel-last-child\" data-index=\"2\" ><div class=\"textwidget custom-html-widget\"><iframe loading=\"lazy\" src=\"https:\/\/www.google.com\/maps\/embed?pb=!1m18!1m12!1m3!1d40062.370048780955!2d16.92657593984014!3d51.12878708228715!2m3!1f0!2f0!3f0!3m2!1i1024!2i768!4f13.1!3m3!1m2!1s0x470fc1b8e9e01abd%3A0xc7b659734b7f6966!2sFizjoterapia+Aleksandra+Czeczot!5e0!3m2!1spl!2spl!4v1535052873152\" width=\"1980\" height=\"400\" frameborder=\"0\" style=\"border:0\" allowfullscreen><\/iframe><\/div><\/div><\/div><\/div><\/div><div id=\"pg-36-3\"  class=\"panel-grid panel-no-style\" ><div id=\"pgc-36-3-0\"  class=\"panel-grid-cell\" ><div id=\"panel-36-3-0-0\" class=\"so-panel widget widget_sow-features panel-first-child panel-last-child\" data-index=\"3\" ><div class=\"panel-widget-style panel-widget-style-for-36-3-0-0\" ><div\n\t\t\t\n\t\t\tclass=\"so-widget-sow-features so-widget-sow-features-default-08d7106fa531-36\"\n\t\t\t\n\t\t>\n<div class=\"sow-features-list sow-features-responsive\">\n\n\t\t\t\t\t\t\t\t\t<div\n\t\t\t\tclass=\"sow-features-feature sow-icon-container-position-top\"\n\t\t\t\tstyle=\"display: flex; flex-direction: column; width: calc(33.333% - 25px);\"\n\t\t\t>\n\t\t\t\n\t\t\t\t\t\t\t\t<div\n\t\t\t\t\tclass=\"sow-icon-container sow-container-none\"\n\t\t\t\t\tstyle=\"color: #404040; \"\n\t\t\t\t\t\t\t\t\t>\n\t\t\t\t\t<span class=\"sow-icon-fontawesome sow-fas\" data-sow-icon=\"&#xf3fa;\"\n\t\tstyle=\"font-size: 45px; color: #424242\" \n\t\taria-hidden=\"true\"><\/span>\t\t\t\t<\/div>\n\t\t\t\t\n\t\t\t\t<div class=\"textwidget\">\n\t\t\t\t\t\n\t\t\t\t\t\t\t\t\t\t\t<h5>\n\t\t\t\t\t\t\t\n\t\t\t\t\t\t\tTelefon\t\t\t\t\t\t\t\t\t\t\t\t\t<\/h5>\n\t\t\t\t\t\n\t\t\t\t\t\t\t\t\t\t\t<p><span style=\"font-family: helvetica, arial, sans-serif\">+48663975967<\/span><\/p>\n\t\t\t\t\t\n\t\t\t\t\t\t\t\t\t<\/div>\n\t\t\t\t\t\t\t\t\n\t\t\t\t\t\t\t<\/div>\n\n\t\t\t\t\t\t\t\t<div\n\t\t\t\tclass=\"sow-features-feature sow-icon-container-position-top\"\n\t\t\t\tstyle=\"display: flex; flex-direction: column; width: calc(33.333% - 25px);\"\n\t\t\t>\n\t\t\t\n\t\t\t\t\t\t\t\t<div\n\t\t\t\t\tclass=\"sow-icon-container sow-container-none\"\n\t\t\t\t\tstyle=\"color: #404040; \"\n\t\t\t\t\t\t\t\t\t>\n\t\t\t\t\t<span class=\"sow-icon-fontawesome sow-fas\" data-sow-icon=\"&#xf3c5;\"\n\t\tstyle=\"font-size: 45px; color: #424242\" \n\t\taria-hidden=\"true\"><\/span>\t\t\t\t<\/div>\n\t\t\t\t\n\t\t\t\t<div class=\"textwidget\">\n\t\t\t\t\t\n\t\t\t\t\t\t\t\t\t\t\t<h5>\n\t\t\t\t\t\t\t\n\t\t\t\t\t\t\tAdres\t\t\t\t\t\t\t\t\t\t\t\t\t<\/h5>\n\t\t\t\t\t\n\t\t\t\t\t\t\t\t\t\t\t<p><span style=\"font-family: helvetica, arial, sans-serif\">ul. Skrzydlata 19\/4, Wroc\u0142aw<\/span><\/p>\n\t\t\t\t\t\n\t\t\t\t\t\t\t\t\t<\/div>\n\t\t\t\t\t\t\t\t\n\t\t\t\t\t\t\t<\/div>\n\n\t\t\t\t\t\t\t\t<div\n\t\t\t\tclass=\"sow-features-feature sow-icon-container-position-top\"\n\t\t\t\tstyle=\"display: flex; flex-direction: column; width: calc(33.333% - 25px);\"\n\t\t\t>\n\t\t\t\n\t\t\t\t\t\t\t\t<div\n\t\t\t\t\tclass=\"sow-icon-container sow-container-none\"\n\t\t\t\t\tstyle=\"color: #404040; \"\n\t\t\t\t\t\t\t\t\t>\n\t\t\t\t\t<span class=\"sow-icon-fontawesome sow-far\" data-sow-icon=\"&#xf0e0;\"\n\t\tstyle=\"font-size: 45px; color: #424242\" \n\t\taria-hidden=\"true\"><\/span>\t\t\t\t<\/div>\n\t\t\t\t\n\t\t\t\t<div class=\"textwidget\">\n\t\t\t\t\t\n\t\t\t\t\t\t\t\t\t\t\t<h5>\n\t\t\t\t\t\t\t\n\t\t\t\t\t\t\tEmail\t\t\t\t\t\t\t\t\t\t\t\t\t<\/h5>\n\t\t\t\t\t\n\t\t\t\t\t\t\t\t\t\t\t<p><span style=\"font-family: helvetica, arial, sans-serif\">aleksandra.czeczot@gmail.com<\/span><\/p>\n\t\t\t\t\t\n\t\t\t\t\t\t\t\t\t<\/div>\n\t\t\t\t\t\t\t\t\n\t\t\t\t\t\t\t<\/div>\n\n\t\t\t\n<\/div>\n<\/div><\/div><\/div><\/div><\/div><div id=\"pg-36-4\"  class=\"panel-grid panel-no-style\" ><div id=\"pgc-36-4-0\"  class=\"panel-grid-cell\" ><div id=\"panel-36-4-0-0\" class=\"so-panel widget widget_sow-headline panel-first-child\" data-index=\"4\" ><div class=\"panel-widget-style panel-widget-style-for-36-4-0-0\" ><div\n\t\t\t\n\t\t\tclass=\"so-widget-sow-headline so-widget-sow-headline-default-ffc9c2f43f5b-36\"\n\t\t\t\n\t\t><div class=\"sow-headline-container \">\n\t\t\t\t\t\t\t<h2 class=\"sow-headline\">\n\t\t\t\t\t\tFormularz kontaktowy\t\t\t\t\t\t<\/h2>\n\t\t\t\t\t\t<\/div>\n<\/div><\/div><\/div><div id=\"panel-36-4-0-1\" class=\"so-panel widget widget_black-studio-tinymce widget_black_studio_tinymce panel-last-child\" data-index=\"5\" ><div class=\"textwidget\"><p style=\"text-align: center;\"><span style=\"font-family: helvetica, arial, sans-serif;\"><span class=\"\" style=\"display:block;clear:both;height: 0px;padding-top: 30px;border-top-width:0px;border-bottom-width:0px;\"><\/span><\/span><\/p>\n<div class=\"keep-center\" style=\"text-align: center;\"><span style=\"font-family: helvetica, arial, sans-serif;\">\n<div class=\"wpcf7 no-js\" id=\"wpcf7-f31-o1\" lang=\"pl-PL\" dir=\"ltr\" data-wpcf7-id=\"31\">\n<div class=\"screen-reader-response\"><p role=\"status\" aria-live=\"polite\" aria-atomic=\"true\"><\/p> <ul><\/ul><\/div>\n<form action=\"\/index.php\/wp-json\/wp\/v2\/pages\/36#wpcf7-f31-o1\" method=\"post\" class=\"wpcf7-form init wpcf7-acceptance-as-validation\" aria-label=\"Formularz kontaktowy\" novalidate=\"novalidate\" data-status=\"init\">\n<div style=\"display: none;\">\n<input type=\"hidden\" name=\"_wpcf7\" value=\"31\" \/>\n<input type=\"hidden\" name=\"_wpcf7_version\" value=\"6.0.5\" \/>\n<input type=\"hidden\" name=\"_wpcf7_locale\" value=\"pl_PL\" \/>\n<input type=\"hidden\" name=\"_wpcf7_unit_tag\" value=\"wpcf7-f31-o1\" \/>\n<input type=\"hidden\" name=\"_wpcf7_container_post\" value=\"0\" \/>\n<input type=\"hidden\" name=\"_wpcf7_posted_data_hash\" value=\"\" \/>\n<\/div>\n<p style=\"font-family: helvetica, arial, sans-serif;\">Imi\u0119 i nazwisko (wymagane)\n<\/p>\n<p><span class=\"wpcf7-form-control-wrap\" data-name=\"your-name\"><input size=\"40\" maxlength=\"400\" class=\"wpcf7-form-control wpcf7-text wpcf7-validates-as-required\" aria-required=\"true\" aria-invalid=\"false\" value=\"\" type=\"text\" name=\"your-name\" \/><\/span>\n<\/p>\n<p style=\"font-family: helvetica, arial, sans-serif;\">Adres email (wymagane)\n<\/p>\n<p><span class=\"wpcf7-form-control-wrap\" data-name=\"your-email\"><input size=\"40\" maxlength=\"400\" class=\"wpcf7-form-control wpcf7-email wpcf7-validates-as-required wpcf7-text wpcf7-validates-as-email\" aria-required=\"true\" aria-invalid=\"false\" value=\"\" type=\"email\" name=\"your-email\" \/><\/span>\n<\/p>\n<p style=\"font-family: helvetica, arial, sans-serif;\">Temat\n<\/p>\n<p><span class=\"wpcf7-form-control-wrap\" data-name=\"your-subject\"><input size=\"40\" maxlength=\"400\" class=\"wpcf7-form-control wpcf7-text\" aria-invalid=\"false\" value=\"\" type=\"text\" name=\"your-subject\" \/><\/span>\n<\/p>\n<p style=\"font-family: helvetica, arial, sans-serif;\">Tre\u015b\u0107 wiadomo\u015bci\n<\/p>\n<p><span class=\"wpcf7-form-control-wrap\" data-name=\"your-message\"><textarea cols=\"40\" rows=\"10\" maxlength=\"2000\" class=\"wpcf7-form-control wpcf7-textarea\" aria-invalid=\"false\" name=\"your-message\"><\/textarea><\/span>\n<\/p>\n<p class=\"width-80\">Podane przez Ciebie dane osobowe przetwarzamy wy\u0142\u0105cznie w celu komunikacji z Tob\u0105 i udzielenia odpowiedzi na Twoj\u0105 wiadomo\u015b\u0107. Administratorem Twoich danych osobowych zebranych w trakcie naszej komunikacji jest Fizjoterapia Aleksandra Czeczot (NIP: 8822114768 | tel. +486663975967)\n<\/p>\n<p style=\"font-family: helvetica, arial, sans-serif;\"><br \/>\n<span class=\"wpcf7-form-control-wrap\" data-name=\"RODO\"><span class=\"wpcf7-form-control wpcf7-acceptance\"><span class=\"wpcf7-list-item\"><label><input type=\"checkbox\" name=\"RODO\" value=\"1\" aria-invalid=\"false\" \/><span class=\"wpcf7-list-item-label\">Zgadzam si\u0119<\/span><\/label><\/span><\/span><\/span>\n<\/p>\n<p style=\"font-family: helvetica, arial, sans-serif;\"><input class=\"wpcf7-form-control wpcf7-submit has-spinner\" type=\"submit\" value=\"Wy\u015blij\" \/>\n<\/p><div class=\"wpcf7-response-output\" aria-hidden=\"true\"><\/div>\n<\/form>\n<\/div>\n<\/span><\/div>\n<\/div><\/div><\/div><\/div><div id=\"pg-36-5\"  class=\"panel-grid panel-has-style\" ><div class=\"panel-row-style panel-row-style-for-36-5\" ><div id=\"pgc-36-5-0\"  class=\"panel-grid-cell\" ><div id=\"panel-36-5-0-0\" class=\"so-panel widget widget_sow-hero panel-first-child panel-last-child\" data-index=\"6\" ><div class=\"panel-widget-style panel-widget-style-for-36-5-0-0\" ><div\n\t\t\t\n\t\t\tclass=\"so-widget-sow-hero so-widget-sow-hero-default-7c3c2c33d60f-36 so-widget-fittext-wrapper\"\n\t\t\t\n\t\t>\t\t\t\t<div class=\"sow-slider-base\" style=\"display: none\" tabindex=\"0\">\n\t\t\t\t\t<ul\n\t\t\t\t\tclass=\"sow-slider-images\"\n\t\t\t\t\tdata-settings=\"{&quot;pagination&quot;:true,&quot;speed&quot;:800,&quot;timeout&quot;:8000,&quot;paused&quot;:false,&quot;pause_on_hover&quot;:false,&quot;swipe&quot;:true,&quot;nav_always_show_desktop&quot;:&quot;&quot;,&quot;nav_always_show_mobile&quot;:&quot;&quot;,&quot;breakpoint&quot;:&quot;780px&quot;,&quot;unmute&quot;:false,&quot;anchor&quot;:null}\"\n\t\t\t\t\tstyle=\"min-height: 120px\"\t\t\t\t\tdata-anchor-id=\"\"\n\t\t\t\t>\t\t<li class=\"sow-slider-image\" style=\"visibility: visible;;background-color: #27cbcd;cursor: pointer;\" data-url=\"{&quot;url&quot;:&quot;https:\\\/\\\/aleksandraczeczot.pl\\\/&quot;,&quot;new_window&quot;:false}\" >\n\t\t\t\t\t<div class=\"sow-slider-image-container\">\n\t\t\t<div class=\"sow-slider-image-wrapper\">\n\t\t\t\t<h1 style=\"text-align: center\"><span style=\"font-family: helvetica, arial, sans-serif;color: #ffffff\">Strona G\u0142\u00f3wna<\/span><\/h1>\t\t\t<\/div>\n\t\t<\/div>\n\t\t\t\t<\/li>\n\t\t<\/ul>\t\t\t\t<ol class=\"sow-slider-pagination\">\n\t\t\t\t\t\t\t\t\t\t\t<li><a href=\"#\" data-goto=\"0\" aria-label=\"Display slide 1\"><\/a><\/li>\n\t\t\t\t\t\t\t\t\t<\/ol>\n\n\t\t\t\t<div class=\"sow-slide-nav sow-slide-nav-next\">\n\t\t\t\t\t<a href=\"#\" data-goto=\"next\" aria-label=\"Next slide\" data-action=\"next\">\n\t\t\t\t\t\t<em class=\"sow-sld-icon-thin-right\"><\/em>\n\t\t\t\t\t<\/a>\n\t\t\t\t<\/div>\n\n\t\t\t\t<div class=\"sow-slide-nav sow-slide-nav-prev\">\n\t\t\t\t\t<a href=\"#\" data-goto=\"previous\" aria-label=\"Previous slide\" data-action=\"prev\">\n\t\t\t\t\t\t<em class=\"sow-sld-icon-thin-left\"><\/em>\n\t\t\t\t\t<\/a>\n\t\t\t\t<\/div>\n\t\t\t\t<\/div><\/div><\/div><\/div><\/div><\/div><\/div><div id=\"pg-36-6\"  class=\"panel-grid panel-no-style\" ><div id=\"pgc-36-6-0\"  class=\"panel-grid-cell\" ><div id=\"panel-36-6-0-0\" class=\"so-panel widget widget_sow-editor panel-first-child panel-last-child\" data-index=\"7\" ><div\n\t\t\t\n\t\t\tclass=\"so-widget-sow-editor so-widget-sow-editor-base\"\n\t\t\t\n\t\t>\n<div class=\"siteorigin-widget-tinymce textwidget\">\n\t<style> .sow-slider-image-wrapper:hover{background-color: #369496;} <\/style>\n<\/div>\n<\/div><\/div><\/div><\/div><\/div>","protected":false},"excerpt":{"rendered":"<p>Kontakt mgr Aleksandra Czeczot &#8211; fizjoterapia Wroclaw Telefon +48663975967 Adres ul. Skrzydlata 19\/4, Wroc\u0142aw Email aleksandra.czeczot@gmail.com Formularz kontaktowy Imi\u0119 i nazwisko (wymagane) Adres email (wymagane) Temat Tre\u015b\u0107 wiadomo\u015bci Podane przez Ciebie dane osobowe przetwarzamy wy\u0142\u0105cznie w celu komunikacji z Tob\u0105 i udzielenia odpowiedzi na Twoj\u0105 wiadomo\u015b\u0107. Administratorem Twoich danych osobowych zebranych w trakcie naszej komunikacji [&hellip;]<\/p>\n","protected":false},"author":1,"featured_media":54,"parent":0,"menu_order":3,"comment_status":"closed","ping_status":"closed","template":"","meta":{"footnotes":""},"class_list":["post-36","page","type-page","status-publish","has-post-thumbnail","czr-hentry"],"yoast_head":"<!-- This site is optimized with the Yoast SEO plugin v24.7 - https:\/\/yoast.com\/wordpress\/plugins\/seo\/ -->\n<title>Kontakt - Aleksandra Czeczot<\/title>\n<meta name=\"description\" content=\"mgr Aleksandra Czeczot tel. +48 663 975 967 Fizjoterapia Wroclaw | metoda FITS, leczenie skolioz, terapia manualna holistyczna, terapia kobiet w ci\u0105\u017cy |\" \/>\n<meta name=\"robots\" content=\"index, follow, max-snippet:-1, max-image-preview:large, max-video-preview:-1\" \/>\n<link rel=\"canonical\" href=\"https:\/\/aleksandraczeczot.pl\/index.php\/kontakt\/\" \/>\n<meta property=\"og:locale\" content=\"pl_PL\" \/>\n<meta property=\"og:type\" content=\"article\" \/>\n<meta property=\"og:title\" content=\"Kontakt - Aleksandra Czeczot\" \/>\n<meta property=\"og:description\" content=\"mgr Aleksandra Czeczot tel. +48 663 975 967 Fizjoterapia Wroclaw | metoda FITS, leczenie skolioz, terapia manualna holistyczna, terapia kobiet w ci\u0105\u017cy |\" \/>\n<meta property=\"og:url\" content=\"https:\/\/aleksandraczeczot.pl\/index.php\/kontakt\/\" \/>\n<meta property=\"og:site_name\" content=\"Aleksandra Czeczot\" \/>\n<meta property=\"article:modified_time\" content=\"2025-03-31T21:14:28+00:00\" \/>\n<meta property=\"og:image\" content=\"http:\/\/aleksandraczeczot.pl\/wp-content\/uploads\/2016\/01\/unsplash-bonus-e1458544514409.jpg\" \/>\n\t<meta property=\"og:image:width\" content=\"2000\" \/>\n\t<meta property=\"og:image:height\" content=\"1530\" \/>\n\t<meta property=\"og:image:type\" content=\"image\/jpeg\" \/>\n<meta name=\"twitter:card\" content=\"summary_large_image\" \/>\n<script type=\"application\/ld+json\" class=\"yoast-schema-graph\">{\"@context\":\"https:\/\/schema.org\",\"@graph\":[{\"@type\":\"WebPage\",\"@id\":\"https:\/\/aleksandraczeczot.pl\/index.php\/kontakt\/\",\"url\":\"https:\/\/aleksandraczeczot.pl\/index.php\/kontakt\/\",\"name\":\"Kontakt - Aleksandra Czeczot\",\"isPartOf\":{\"@id\":\"https:\/\/aleksandraczeczot.pl\/#website\"},\"primaryImageOfPage\":{\"@id\":\"https:\/\/aleksandraczeczot.pl\/index.php\/kontakt\/#primaryimage\"},\"image\":{\"@id\":\"https:\/\/aleksandraczeczot.pl\/index.php\/kontakt\/#primaryimage\"},\"thumbnailUrl\":\"https:\/\/aleksandraczeczot.pl\/wp-content\/uploads\/2016\/01\/unsplash-bonus-e1458544514409.jpg\",\"datePublished\":\"2016-01-12T17:19:48+00:00\",\"dateModified\":\"2025-03-31T21:14:28+00:00\",\"description\":\"mgr Aleksandra Czeczot tel. +48 663 975 967 Fizjoterapia Wroclaw | metoda FITS, leczenie skolioz, terapia manualna holistyczna, terapia kobiet w ci\u0105\u017cy |\",\"breadcrumb\":{\"@id\":\"https:\/\/aleksandraczeczot.pl\/index.php\/kontakt\/#breadcrumb\"},\"inLanguage\":\"pl-PL\",\"potentialAction\":[{\"@type\":\"ReadAction\",\"target\":[\"https:\/\/aleksandraczeczot.pl\/index.php\/kontakt\/\"]}]},{\"@type\":\"ImageObject\",\"inLanguage\":\"pl-PL\",\"@id\":\"https:\/\/aleksandraczeczot.pl\/index.php\/kontakt\/#primaryimage\",\"url\":\"https:\/\/aleksandraczeczot.pl\/wp-content\/uploads\/2016\/01\/unsplash-bonus-e1458544514409.jpg\",\"contentUrl\":\"https:\/\/aleksandraczeczot.pl\/wp-content\/uploads\/2016\/01\/unsplash-bonus-e1458544514409.jpg\",\"width\":2000,\"height\":1530},{\"@type\":\"BreadcrumbList\",\"@id\":\"https:\/\/aleksandraczeczot.pl\/index.php\/kontakt\/#breadcrumb\",\"itemListElement\":[{\"@type\":\"ListItem\",\"position\":1,\"name\":\"Strona g\u0142\u00f3wna\",\"item\":\"https:\/\/aleksandraczeczot.pl\/\"},{\"@type\":\"ListItem\",\"position\":2,\"name\":\"Kontakt\"}]},{\"@type\":\"WebSite\",\"@id\":\"https:\/\/aleksandraczeczot.pl\/#website\",\"url\":\"https:\/\/aleksandraczeczot.pl\/\",\"name\":\"Aleksandra Czeczot\",\"description\":\"Fizjoterapia\",\"publisher\":{\"@id\":\"https:\/\/aleksandraczeczot.pl\/#\/schema\/person\/1bbcbc7524464b8562b2eafa82bb748e\"},\"potentialAction\":[{\"@type\":\"SearchAction\",\"target\":{\"@type\":\"EntryPoint\",\"urlTemplate\":\"https:\/\/aleksandraczeczot.pl\/?s={search_term_string}\"},\"query-input\":{\"@type\":\"PropertyValueSpecification\",\"valueRequired\":true,\"valueName\":\"search_term_string\"}}],\"inLanguage\":\"pl-PL\"},{\"@type\":[\"Person\",\"Organization\"],\"@id\":\"https:\/\/aleksandraczeczot.pl\/#\/schema\/person\/1bbcbc7524464b8562b2eafa82bb748e\",\"name\":\"Aleksandra Czeczot\",\"image\":{\"@type\":\"ImageObject\",\"inLanguage\":\"pl-PL\",\"@id\":\"https:\/\/aleksandraczeczot.pl\/#\/schema\/person\/image\/\",\"url\":\"https:\/\/secure.gravatar.com\/avatar\/88b6722d52d7101ffde638b25bafa478?s=96&d=mm&r=g\",\"contentUrl\":\"https:\/\/secure.gravatar.com\/avatar\/88b6722d52d7101ffde638b25bafa478?s=96&d=mm&r=g\",\"caption\":\"Aleksandra Czeczot\"},\"logo\":{\"@id\":\"https:\/\/aleksandraczeczot.pl\/#\/schema\/person\/image\/\"}}]}<\/script>\n<!-- \/ Yoast SEO plugin. -->","yoast_head_json":{"title":"Kontakt - Aleksandra Czeczot","description":"mgr Aleksandra Czeczot tel. +48 663 975 967 Fizjoterapia Wroclaw | metoda FITS, leczenie skolioz, terapia manualna holistyczna, terapia kobiet w ci\u0105\u017cy |","robots":{"index":"index","follow":"follow","max-snippet":"max-snippet:-1","max-image-preview":"max-image-preview:large","max-video-preview":"max-video-preview:-1"},"canonical":"https:\/\/aleksandraczeczot.pl\/index.php\/kontakt\/","og_locale":"pl_PL","og_type":"article","og_title":"Kontakt - Aleksandra Czeczot","og_description":"mgr Aleksandra Czeczot tel. +48 663 975 967 Fizjoterapia Wroclaw | metoda FITS, leczenie skolioz, terapia manualna holistyczna, terapia kobiet w ci\u0105\u017cy |","og_url":"https:\/\/aleksandraczeczot.pl\/index.php\/kontakt\/","og_site_name":"Aleksandra Czeczot","article_modified_time":"2025-03-31T21:14:28+00:00","og_image":[{"width":2000,"height":1530,"url":"http:\/\/aleksandraczeczot.pl\/wp-content\/uploads\/2016\/01\/unsplash-bonus-e1458544514409.jpg","type":"image\/jpeg"}],"twitter_card":"summary_large_image","schema":{"@context":"https:\/\/schema.org","@graph":[{"@type":"WebPage","@id":"https:\/\/aleksandraczeczot.pl\/index.php\/kontakt\/","url":"https:\/\/aleksandraczeczot.pl\/index.php\/kontakt\/","name":"Kontakt - Aleksandra Czeczot","isPartOf":{"@id":"https:\/\/aleksandraczeczot.pl\/#website"},"primaryImageOfPage":{"@id":"https:\/\/aleksandraczeczot.pl\/index.php\/kontakt\/#primaryimage"},"image":{"@id":"https:\/\/aleksandraczeczot.pl\/index.php\/kontakt\/#primaryimage"},"thumbnailUrl":"https:\/\/aleksandraczeczot.pl\/wp-content\/uploads\/2016\/01\/unsplash-bonus-e1458544514409.jpg","datePublished":"2016-01-12T17:19:48+00:00","dateModified":"2025-03-31T21:14:28+00:00","description":"mgr Aleksandra Czeczot tel. +48 663 975 967 Fizjoterapia Wroclaw | metoda FITS, leczenie skolioz, terapia manualna holistyczna, terapia kobiet w ci\u0105\u017cy |","breadcrumb":{"@id":"https:\/\/aleksandraczeczot.pl\/index.php\/kontakt\/#breadcrumb"},"inLanguage":"pl-PL","potentialAction":[{"@type":"ReadAction","target":["https:\/\/aleksandraczeczot.pl\/index.php\/kontakt\/"]}]},{"@type":"ImageObject","inLanguage":"pl-PL","@id":"https:\/\/aleksandraczeczot.pl\/index.php\/kontakt\/#primaryimage","url":"https:\/\/aleksandraczeczot.pl\/wp-content\/uploads\/2016\/01\/unsplash-bonus-e1458544514409.jpg","contentUrl":"https:\/\/aleksandraczeczot.pl\/wp-content\/uploads\/2016\/01\/unsplash-bonus-e1458544514409.jpg","width":2000,"height":1530},{"@type":"BreadcrumbList","@id":"https:\/\/aleksandraczeczot.pl\/index.php\/kontakt\/#breadcrumb","itemListElement":[{"@type":"ListItem","position":1,"name":"Strona g\u0142\u00f3wna","item":"https:\/\/aleksandraczeczot.pl\/"},{"@type":"ListItem","position":2,"name":"Kontakt"}]},{"@type":"WebSite","@id":"https:\/\/aleksandraczeczot.pl\/#website","url":"https:\/\/aleksandraczeczot.pl\/","name":"Aleksandra Czeczot","description":"Fizjoterapia","publisher":{"@id":"https:\/\/aleksandraczeczot.pl\/#\/schema\/person\/1bbcbc7524464b8562b2eafa82bb748e"},"potentialAction":[{"@type":"SearchAction","target":{"@type":"EntryPoint","urlTemplate":"https:\/\/aleksandraczeczot.pl\/?s={search_term_string}"},"query-input":{"@type":"PropertyValueSpecification","valueRequired":true,"valueName":"search_term_string"}}],"inLanguage":"pl-PL"},{"@type":["Person","Organization"],"@id":"https:\/\/aleksandraczeczot.pl\/#\/schema\/person\/1bbcbc7524464b8562b2eafa82bb748e","name":"Aleksandra Czeczot","image":{"@type":"ImageObject","inLanguage":"pl-PL","@id":"https:\/\/aleksandraczeczot.pl\/#\/schema\/person\/image\/","url":"https:\/\/secure.gravatar.com\/avatar\/88b6722d52d7101ffde638b25bafa478?s=96&d=mm&r=g","contentUrl":"https:\/\/secure.gravatar.com\/avatar\/88b6722d52d7101ffde638b25bafa478?s=96&d=mm&r=g","caption":"Aleksandra Czeczot"},"logo":{"@id":"https:\/\/aleksandraczeczot.pl\/#\/schema\/person\/image\/"}}]}},"_links":{"self":[{"href":"https:\/\/aleksandraczeczot.pl\/index.php\/wp-json\/wp\/v2\/pages\/36","targetHints":{"allow":["GET"]}}],"collection":[{"href":"https:\/\/aleksandraczeczot.pl\/index.php\/wp-json\/wp\/v2\/pages"}],"about":[{"href":"https:\/\/aleksandraczeczot.pl\/index.php\/wp-json\/wp\/v2\/types\/page"}],"author":[{"embeddable":true,"href":"https:\/\/aleksandraczeczot.pl\/index.php\/wp-json\/wp\/v2\/users\/1"}],"replies":[{"embeddable":true,"href":"https:\/\/aleksandraczeczot.pl\/index.php\/wp-json\/wp\/v2\/comments?post=36"}],"version-history":[{"count":61,"href":"https:\/\/aleksandraczeczot.pl\/index.php\/wp-json\/wp\/v2\/pages\/36\/revisions"}],"predecessor-version":[{"id":974,"href":"https:\/\/aleksandraczeczot.pl\/index.php\/wp-json\/wp\/v2\/pages\/36\/revisions\/974"}],"wp:featuredmedia":[{"embeddable":true,"href":"https:\/\/aleksandraczeczot.pl\/index.php\/wp-json\/wp\/v2\/media\/54"}],"wp:attachment":[{"href":"https:\/\/aleksandraczeczot.pl\/index.php\/wp-json\/wp\/v2\/media?parent=36"}],"curies":[{"name":"wp","href":"https:\/\/api.w.org\/{rel}","templated":true}]}}