{"id":38,"date":"2016-01-12T18:25:15","date_gmt":"2016-01-12T17:25:15","guid":{"rendered":"http:\/\/aleksandraczeczot.pl\/?page_id=38"},"modified":"2017-08-04T21:31:49","modified_gmt":"2017-08-04T19:31:49","slug":"leczenie-skolioz-metoda-fits-wroclaw","status":"publish","type":"page","link":"https:\/\/aleksandraczeczot.pl\/index.php\/terapia\/leczenie-skolioz-metoda-fits-wroclaw\/","title":{"rendered":"Skoliozy i wady postaw &#8211; metoda FITS"},"content":{"rendered":"<div id=\"pl-38\"  class=\"panel-layout\" ><div id=\"pg-38-0\"  class=\"panel-grid panel-has-style\" ><div class=\"siteorigin-panels-stretch panel-row-style panel-row-style-for-38-0\" id=\"services\" data-stretch-type=\"full\" ><div id=\"pgc-38-0-0\"  class=\"panel-grid-cell\" ><div id=\"panel-38-0-0-0\" class=\"so-panel widget widget_sow-headline panel-first-child panel-last-child\" data-index=\"0\" ><div class=\"panel-widget-style panel-widget-style-for-38-0-0-0\" ><div\n\t\t\t\n\t\t\tclass=\"so-widget-sow-headline so-widget-sow-headline-default-d6f02e6748cb-38\"\n\t\t\t\n\t\t><div class=\"sow-headline-container \">\n\t\t\t\t\t\t\t<h1 class=\"sow-headline\">\n\t\t\t\t\t\t\t\t\t\t\t\t\t<a href=\"#go-down\" >\n\t\t\t\t\t\t\t\tSkoliozy i wady postaw<\/a>\t\t\t\t\t\t<\/h1>\n\t\t\t\t\t\t\t\t\t\t\t<div class=\"decoration\">\n\t\t\t\t\t\t<div class=\"decoration-inside\"><\/div>\n\t\t\t\t\t<\/div>\n\t\t\t\t\t\t\t\t\t\t\t<h1 class=\"sow-sub-headline\">\n\t\t\t\t\t\tmetoda FITS Wroc\u0142aw\t\t\t\t\t\t<\/h1>\n\t\t\t\t\t\t<\/div>\n<\/div><\/div><\/div><\/div><\/div><\/div><div id=\"pg-38-1\"  class=\"panel-grid panel-has-style\" ><div class=\"siteorigin-panels-stretch panel-row-style panel-row-style-for-38-1\" data-stretch-type=\"full-stretched\" ><div id=\"pgc-38-1-0\"  class=\"panel-grid-cell\" ><div id=\"panel-38-1-0-0\" class=\"so-panel widget widget_sow-editor panel-first-child\" data-index=\"1\" ><div class=\"panel-widget-style panel-widget-style-for-38-1-0-0\" ><div\n\t\t\t\n\t\t\tclass=\"so-widget-sow-editor so-widget-sow-editor-base\"\n\t\t\t\n\t\t>\n<div class=\"siteorigin-widget-tinymce textwidget\">\n\t<p><a name=\"go-down\"><\/a><\/p>\n<span class=\"\" style=\"display:block;clear:both;height: 0px;padding-top: 70px;border-top-width:0px;border-bottom-width:0px;\"><\/span><\/div>\n<\/div><\/div><\/div><div id=\"panel-38-1-0-1\" class=\"so-panel widget widget_siteorigin-panels-builder panel-last-child\" data-index=\"2\" ><div id=\"pl-w5984ca68648e5\"  class=\"panel-layout\" ><div id=\"pg-w5984ca68648e5-0\"  class=\"panel-grid panel-no-style\" ><div id=\"pgc-w5984ca68648e5-0-0\"  class=\"panel-grid-cell panel-grid-cell-empty\" ><\/div><div id=\"pgc-w5984ca68648e5-0-1\"  class=\"panel-grid-cell\" ><div id=\"panel-w5984ca68648e5-0-1-0\" class=\"so-panel widget widget_black-studio-tinymce widget_black_studio_tinymce panel-first-child panel-last-child\" data-index=\"0\" ><div class=\"textwidget\"><p><span style=\"color: #333333; font-family: helvetica, arial, sans-serif;\"><strong>FITS<\/strong> - Funkcjonalna Indywidualna Terapia Skolioz jest skierowana do dzieci oraz m\u0142odzie\u017cy z wadami postawy, skoliozami oraz chorob\u0105 Scheuermanna. Skolioza polega na tr\u00f3jp\u0142aszczyznowej zmianie ustawienie kr\u0119gos\u0142upa a pierwsz\u0105 zauwa\u017calna zmian\u0105 dla rodzica u jego dziecka mo\u017ce by\u0107:<\/span><\/p>\n<p style=\"padding-left: 90px;\"><span style=\"font-family: helvetica, arial, sans-serif; color: #333333;\"><strong>\u2022 \u00a0<\/strong>\u00a0asymetryczne ustawienie bark\u00f3w,<\/span><\/p>\n<p style=\"padding-left: 90px;\"><span style=\"font-family: helvetica, arial, sans-serif; color: #333333;\"><strong>\u2022 \u00a0<\/strong>\u00a0symetria tr\u00f3jk\u0105t\u00f3w talii,<\/span><\/p>\n<p style=\"padding-left: 90px;\"><span style=\"font-family: helvetica, arial, sans-serif; color: #333333;\"><strong>\u2022 \u00a0<\/strong>\u00a0asymetryczne ustawienie \u0142opatek,<\/span><\/p>\n<p style=\"padding-left: 90px;\"><span style=\"font-family: helvetica, arial, sans-serif; color: #333333;\"><strong>\u2022 \u00a0<\/strong>\u00a0ko\u015blawo\u015b\u0107 lub szpotawo\u015b\u0107 kolan,<\/span><\/p>\n<p style=\"padding-left: 90px;\"><span style=\"font-family: helvetica, arial, sans-serif; color: #333333;\"><strong>\u2022 \u00a0<\/strong>\u00a0p\u0142askostopie,<\/span><\/p>\n<p style=\"padding-left: 90px;\"><span style=\"font-family: helvetica, arial, sans-serif; color: #333333;\"><strong>\u2022 \u00a0<\/strong>\u00a0przeniesienie \u015brodka ci\u0119\u017cko\u015bci na przodostopie.<\/span><\/p>\n<p>\u00a0<\/p>\n<p><span style=\"color: #333333; font-family: helvetica, arial, sans-serif;\">Metoda FITS jest kompleksowym sposobem leczenia skolioz poprzez po\u0142\u0105czenie technik terapii manualnej z wzorcami korekcyjnymi zmniejszaj\u0105cymi k\u0105t skrzywienia oraz rotacj\u0119 kr\u0119g\u00f3w. W pracy <\/span><br \/><span style=\"color: #333333; font-family: helvetica, arial, sans-serif;\"> z ma\u0142ymi pacjentami ogromny nacisk k\u0142adziony jest na u\u015bwiadomienie zar\u00f3wno im jak i rodzicom pod\u0142o\u017ca problemu. Dok\u0142adne poznanie w\u0142asnego cia\u0142a jest niezb\u0119dne do prawid\u0142owej korekcji postawy.<\/span><\/p>\n<p>\u00a0<\/p>\n<p><span style=\"color: #333333; font-family: helvetica, arial, sans-serif;\">Terapia sk\u0142ada si\u0119 z trzech istotnych etap\u00f3w:<\/span><\/p>\n<p style=\"padding-left: 90px;\"><span style=\"color: #333333; font-family: helvetica, arial, sans-serif;\"><strong>\u2022 \u00a0I etap<\/strong> \u2013 badanie klasyczne po\u0142\u0105czone z badaniem w koncepcji Metody FITS,<\/span><\/p>\n<p style=\"padding-left: 90px;\"><span style=\"color: #333333; font-family: helvetica, arial, sans-serif;\"><strong>\u2022 \u00a0II etap<\/strong> \u2013 rozci\u0105gni\u0119cie struktur mi\u0119\u015bniowo-powi\u0119ziowych ograniczaj\u0105cych ruch korekcyjny,<\/span><\/p>\n<p style=\"padding-left: 90px;\"><span style=\"color: #333333; font-family: helvetica, arial, sans-serif;\"><strong>\u2022 \u00a0III etap<\/strong> \u2013 budowanie i nauka nowych korekcyjnych wzorc\u00f3w postawy oraz ich stabilizowanie odpowiednimi \u0107wiczeniami.<\/span><\/p>\n<\/div><\/div><\/div><div id=\"pgc-w5984ca68648e5-0-2\"  class=\"panel-grid-cell panel-grid-cell-empty\" ><\/div><div id=\"pgc-w5984ca68648e5-0-3\"  class=\"panel-grid-cell panel-grid-cell-mobile-last\" ><div id=\"panel-w5984ca68648e5-0-3-0\" class=\"so-panel widget widget_sow-slider panel-first-child panel-last-child\" data-index=\"1\" ><div\n\t\t\t\n\t\t\tclass=\"so-widget-sow-slider so-widget-sow-slider-default-6d39609536fd\"\n\t\t\t\n\t\t>\t\t\t\t<div class=\"sow-slider-base\" style=\"display: none\" tabindex=\"0\">\n\t\t\t\t\t<ul\n\t\t\t\t\tclass=\"sow-slider-images\"\n\t\t\t\t\tdata-settings=\"{&quot;pagination&quot;:true,&quot;speed&quot;:200,&quot;timeout&quot;:2000,&quot;paused&quot;:false,&quot;pause_on_hover&quot;:false,&quot;swipe&quot;:true,&quot;nav_always_show_desktop&quot;:&quot;&quot;,&quot;nav_always_show_mobile&quot;:&quot;&quot;,&quot;breakpoint&quot;:&quot;780px&quot;,&quot;unmute&quot;:false,&quot;anchor&quot;:null}\"\n\t\t\t\t\t\t\t\t\t\tdata-anchor-id=\"\"\n\t\t\t\t>\t\t<li class=\"sow-slider-image\" style=\"visibility: visible;\" >\n\t\t\t\t\t\t<div class=\"sow-slider-image-container\">\n\t\t\t\t<div class=\"sow-slider-image-wrapper\" style=\"max-width: 1325px\">\n\t\t\t\t\t\t\t\t\t\t<div class=\"sow-slider-image-foreground-wrapper\">\n\t\t\t\t\t\t<img loading=\"lazy\" decoding=\"async\" width=\"1325\" height=\"2000\" src=\"https:\/\/aleksandraczeczot.pl\/wp-content\/uploads\/2016\/01\/Metoda-FITS-e1499720408833.jpg\" class=\"sow-slider-foreground-image no-lazy\" alt=\"\" style=\"\" \/>\t\t\t\t\t<\/div>\n\t\t\t\t\t\t\t\t\t<\/div>\n\t\t\t<\/div>\n\t\t\t\t\t<\/li>\n\t\t\t\t<li class=\"sow-slider-image\" style=\"visibility: hidden;\" >\n\t\t\t\t\t\t<div class=\"sow-slider-image-container\">\n\t\t\t\t<div class=\"sow-slider-image-wrapper\" style=\"max-width: 1325px\">\n\t\t\t\t\t\t\t\t\t\t<div class=\"sow-slider-image-foreground-wrapper\">\n\t\t\t\t\t\t<img loading=\"lazy\" decoding=\"async\" width=\"1325\" height=\"2000\" src=\"https:\/\/aleksandraczeczot.pl\/wp-content\/uploads\/2016\/01\/Terapia-Wad-Postawy-2-e1499720311458.jpg\" class=\"sow-slider-foreground-image no-lazy\" alt=\"\" style=\"\" \/>\t\t\t\t\t<\/div>\n\t\t\t\t\t\t\t\t\t<\/div>\n\t\t\t<\/div>\n\t\t\t\t\t<\/li>\n\t\t<\/ul>\t\t\t\t<ol class=\"sow-slider-pagination\">\n\t\t\t\t\t\t\t\t\t\t\t<li><a href=\"#\" data-goto=\"0\" aria-label=\"Display slide 1\"><\/a><\/li>\n\t\t\t\t\t\t\t\t\t\t\t<li><a href=\"#\" data-goto=\"1\" aria-label=\"Display slide 2\"><\/a><\/li>\n\t\t\t\t\t\t\t\t\t<\/ol>\n\n\t\t\t\t<div class=\"sow-slide-nav sow-slide-nav-next\">\n\t\t\t\t\t<a href=\"#\" data-goto=\"next\" aria-label=\"Next slide\" data-action=\"next\">\n\t\t\t\t\t\t<em class=\"sow-sld-icon-thin-right\"><\/em>\n\t\t\t\t\t<\/a>\n\t\t\t\t<\/div>\n\n\t\t\t\t<div class=\"sow-slide-nav sow-slide-nav-prev\">\n\t\t\t\t\t<a href=\"#\" data-goto=\"previous\" aria-label=\"Previous slide\" data-action=\"prev\">\n\t\t\t\t\t\t<em class=\"sow-sld-icon-thin-left\"><\/em>\n\t\t\t\t\t<\/a>\n\t\t\t\t<\/div>\n\t\t\t\t<\/div><\/div><\/div><\/div><div id=\"pgc-w5984ca68648e5-0-4\"  class=\"panel-grid-cell panel-grid-cell-empty\" ><\/div><\/div><\/div><\/div><\/div><\/div><\/div><div id=\"pg-38-2\"  class=\"panel-grid panel-has-style\" ><div class=\"siteorigin-panels-stretch panel-row-style panel-row-style-for-38-2\" data-stretch-type=\"full-stretched\" ><div id=\"pgc-38-2-0\"  class=\"panel-grid-cell\" ><div id=\"panel-38-2-0-0\" class=\"so-panel widget widget_sow-hero panel-first-child panel-last-child\" data-index=\"3\" ><div class=\"panel-widget-style panel-widget-style-for-38-2-0-0\" ><div\n\t\t\t\n\t\t\tclass=\"so-widget-sow-hero so-widget-sow-hero-default-7c3c2c33d60f-38 so-widget-fittext-wrapper\"\n\t\t\t\n\t\t>\t\t\t\t<div class=\"sow-slider-base\" style=\"display: none\" tabindex=\"0\">\n\t\t\t\t\t<ul\n\t\t\t\t\tclass=\"sow-slider-images\"\n\t\t\t\t\tdata-settings=\"{&quot;pagination&quot;:true,&quot;speed&quot;:800,&quot;timeout&quot;:8000,&quot;paused&quot;:false,&quot;pause_on_hover&quot;:false,&quot;swipe&quot;:true,&quot;nav_always_show_desktop&quot;:&quot;&quot;,&quot;nav_always_show_mobile&quot;:&quot;&quot;,&quot;breakpoint&quot;:&quot;780px&quot;,&quot;unmute&quot;:false,&quot;anchor&quot;:null}\"\n\t\t\t\t\tstyle=\"min-height: 120px\"\t\t\t\t\tdata-anchor-id=\"\"\n\t\t\t\t>\t\t<li class=\"sow-slider-image\" style=\"visibility: visible;;background-color: #27cbcd;cursor: pointer;\" data-url=\"{&quot;url&quot;:&quot;https:\\\/\\\/aleksandraczeczot.pl\\\/index.php\\\/terapia\\\/&quot;,&quot;new_window&quot;:false}\" >\n\t\t\t\t\t<div class=\"sow-slider-image-container\">\n\t\t\t<div class=\"sow-slider-image-wrapper\">\n\t\t\t\t<h1 style=\"text-align: center\"><span style=\"font-family: helvetica, arial, sans-serif;color: #ffffff\">Pozosta\u0142e rodzaje terapii<\/span><\/h1>\t\t\t<\/div>\n\t\t<\/div>\n\t\t\t\t<\/li>\n\t\t<\/ul>\t\t\t\t<ol class=\"sow-slider-pagination\">\n\t\t\t\t\t\t\t\t\t\t\t<li><a href=\"#\" data-goto=\"0\" aria-label=\"Display slide 1\"><\/a><\/li>\n\t\t\t\t\t\t\t\t\t<\/ol>\n\n\t\t\t\t<div class=\"sow-slide-nav sow-slide-nav-next\">\n\t\t\t\t\t<a href=\"#\" data-goto=\"next\" aria-label=\"Next slide\" data-action=\"next\">\n\t\t\t\t\t\t<em class=\"sow-sld-icon-thin-right\"><\/em>\n\t\t\t\t\t<\/a>\n\t\t\t\t<\/div>\n\n\t\t\t\t<div class=\"sow-slide-nav sow-slide-nav-prev\">\n\t\t\t\t\t<a href=\"#\" data-goto=\"previous\" aria-label=\"Previous slide\" data-action=\"prev\">\n\t\t\t\t\t\t<em class=\"sow-sld-icon-thin-left\"><\/em>\n\t\t\t\t\t<\/a>\n\t\t\t\t<\/div>\n\t\t\t\t<\/div><\/div><\/div><\/div><\/div><div id=\"pgc-38-2-1\"  class=\"panel-grid-cell\" ><div id=\"panel-38-2-1-0\" class=\"so-panel widget widget_sow-hero panel-first-child panel-last-child\" data-index=\"4\" ><div class=\"panel-widget-style panel-widget-style-for-38-2-1-0\" ><div\n\t\t\t\n\t\t\tclass=\"so-widget-sow-hero so-widget-sow-hero-default-7c3c2c33d60f-38 so-widget-fittext-wrapper\"\n\t\t\t\n\t\t>\t\t\t\t<div class=\"sow-slider-base\" style=\"display: none\" tabindex=\"0\">\n\t\t\t\t\t<ul\n\t\t\t\t\tclass=\"sow-slider-images\"\n\t\t\t\t\tdata-settings=\"{&quot;pagination&quot;:true,&quot;speed&quot;:800,&quot;timeout&quot;:8000,&quot;paused&quot;:false,&quot;pause_on_hover&quot;:false,&quot;swipe&quot;:true,&quot;nav_always_show_desktop&quot;:&quot;&quot;,&quot;nav_always_show_mobile&quot;:&quot;&quot;,&quot;breakpoint&quot;:&quot;780px&quot;,&quot;unmute&quot;:false,&quot;anchor&quot;:null}\"\n\t\t\t\t\tstyle=\"min-height: 120px\"\t\t\t\t\tdata-anchor-id=\"\"\n\t\t\t\t>\t\t<li class=\"sow-slider-image\" style=\"visibility: visible;;background-color: #27cbcd;cursor: pointer;\" data-url=\"{&quot;url&quot;:&quot;https:\\\/\\\/aleksandraczeczot.pl\\\/index.php\\\/kontakt\\\/&quot;,&quot;new_window&quot;:false}\" >\n\t\t\t\t\t<div class=\"sow-slider-image-container\">\n\t\t\t<div class=\"sow-slider-image-wrapper\">\n\t\t\t\t<h1 style=\"text-align: center\"><span style=\"font-family: helvetica, arial, sans-serif;color: #ffffff\">Kontakt<\/span><\/h1>\t\t\t<\/div>\n\t\t<\/div>\n\t\t\t\t<\/li>\n\t\t<\/ul>\t\t\t\t<ol class=\"sow-slider-pagination\">\n\t\t\t\t\t\t\t\t\t\t\t<li><a href=\"#\" data-goto=\"0\" aria-label=\"Display slide 1\"><\/a><\/li>\n\t\t\t\t\t\t\t\t\t<\/ol>\n\n\t\t\t\t<div class=\"sow-slide-nav sow-slide-nav-next\">\n\t\t\t\t\t<a href=\"#\" data-goto=\"next\" aria-label=\"Next slide\" data-action=\"next\">\n\t\t\t\t\t\t<em class=\"sow-sld-icon-thin-right\"><\/em>\n\t\t\t\t\t<\/a>\n\t\t\t\t<\/div>\n\n\t\t\t\t<div class=\"sow-slide-nav sow-slide-nav-prev\">\n\t\t\t\t\t<a href=\"#\" data-goto=\"previous\" aria-label=\"Previous slide\" data-action=\"prev\">\n\t\t\t\t\t\t<em class=\"sow-sld-icon-thin-left\"><\/em>\n\t\t\t\t\t<\/a>\n\t\t\t\t<\/div>\n\t\t\t\t<\/div><\/div><\/div><\/div><\/div><\/div><\/div><div id=\"pg-38-3\"  class=\"panel-grid panel-no-style\" ><div id=\"pgc-38-3-0\"  class=\"panel-grid-cell\" ><div id=\"panel-38-3-0-0\" class=\"so-panel widget widget_sow-editor panel-first-child panel-last-child\" data-index=\"5\" ><div\n\t\t\t\n\t\t\tclass=\"so-widget-sow-editor so-widget-sow-editor-base\"\n\t\t\t\n\t\t>\n<div class=\"siteorigin-widget-tinymce textwidget\">\n\t<style> .sow-slider-image-wrapper:hover{background-color: #369496;} <\/style>\n<\/div>\n<\/div><\/div><\/div><\/div><\/div>","protected":false},"excerpt":{"rendered":"<p>Skoliozy i wady postaw metoda FITS Wroc\u0142aw FITS &#8211; Funkcjonalna Indywidualna Terapia Skolioz jest skierowana do dzieci oraz m\u0142odzie\u017cy z wadami postawy, skoliozami oraz chorob\u0105 Scheuermanna. Skolioza polega na tr\u00f3jp\u0142aszczyznowej zmianie ustawienie kr\u0119gos\u0142upa a pierwsz\u0105 zauwa\u017calna zmian\u0105 dla rodzica u jego dziecka mo\u017ce by\u0107: \u2022 \u00a0\u00a0asymetryczne ustawienie bark\u00f3w, \u2022 \u00a0\u00a0symetria tr\u00f3jk\u0105t\u00f3w talii, \u2022 \u00a0\u00a0asymetryczne ustawienie [&hellip;]<\/p>\n","protected":false},"author":1,"featured_media":0,"parent":34,"menu_order":1,"comment_status":"closed","ping_status":"closed","template":"","meta":{"footnotes":""},"class_list":["post-38","page","type-page","status-publish","czr-hentry"],"yoast_head":"<!-- This site is optimized with the Yoast SEO plugin v24.7 - https:\/\/yoast.com\/wordpress\/plugins\/seo\/ -->\n<title>Skoliozy i wady postaw - metoda FITS - Aleksandra Czeczot<\/title>\n<meta name=\"description\" content=\"Metoda FITS Wroc\u0142aw - Funkcjonalna Indywidualna Terapia Skolioz jest skierowana do os\u00f3b z wadami postawy, skoliozami oraz chorob\u0105 Scheuermanna.\" \/>\n<meta name=\"robots\" content=\"index, follow, max-snippet:-1, max-image-preview:large, max-video-preview:-1\" \/>\n<link rel=\"canonical\" href=\"https:\/\/aleksandraczeczot.pl\/index.php\/terapia\/leczenie-skolioz-metoda-fits-wroclaw\/\" \/>\n<meta property=\"og:locale\" content=\"pl_PL\" \/>\n<meta property=\"og:type\" content=\"article\" \/>\n<meta property=\"og:title\" content=\"Skoliozy i wady postaw - metoda FITS - Aleksandra Czeczot\" \/>\n<meta property=\"og:description\" content=\"Metoda FITS Wroc\u0142aw - Funkcjonalna Indywidualna Terapia Skolioz jest skierowana do os\u00f3b z wadami postawy, skoliozami oraz chorob\u0105 Scheuermanna.\" \/>\n<meta property=\"og:url\" content=\"https:\/\/aleksandraczeczot.pl\/index.php\/terapia\/leczenie-skolioz-metoda-fits-wroclaw\/\" \/>\n<meta property=\"og:site_name\" content=\"Aleksandra Czeczot\" \/>\n<meta property=\"article:modified_time\" content=\"2017-08-04T19:31:49+00:00\" \/>\n<meta property=\"og:image\" content=\"http:\/\/aleksandraczeczot.pl\/wp-content\/uploads\/2016\/01\/Metoda-FITS-e1499720408833.jpg\" \/>\n<meta name=\"twitter:card\" content=\"summary_large_image\" \/>\n<meta name=\"twitter:label1\" content=\"Szacowany czas czytania\" \/>\n\t<meta name=\"twitter:data1\" content=\"1 minuta\" \/>\n<script type=\"application\/ld+json\" class=\"yoast-schema-graph\">{\"@context\":\"https:\/\/schema.org\",\"@graph\":[{\"@type\":\"WebPage\",\"@id\":\"https:\/\/aleksandraczeczot.pl\/index.php\/terapia\/leczenie-skolioz-metoda-fits-wroclaw\/\",\"url\":\"https:\/\/aleksandraczeczot.pl\/index.php\/terapia\/leczenie-skolioz-metoda-fits-wroclaw\/\",\"name\":\"Skoliozy i wady postaw - metoda FITS - Aleksandra Czeczot\",\"isPartOf\":{\"@id\":\"https:\/\/aleksandraczeczot.pl\/#website\"},\"primaryImageOfPage\":{\"@id\":\"https:\/\/aleksandraczeczot.pl\/index.php\/terapia\/leczenie-skolioz-metoda-fits-wroclaw\/#primaryimage\"},\"image\":{\"@id\":\"https:\/\/aleksandraczeczot.pl\/index.php\/terapia\/leczenie-skolioz-metoda-fits-wroclaw\/#primaryimage\"},\"thumbnailUrl\":\"http:\/\/aleksandraczeczot.pl\/wp-content\/uploads\/2016\/01\/Metoda-FITS-e1499720408833.jpg\",\"datePublished\":\"2016-01-12T17:25:15+00:00\",\"dateModified\":\"2017-08-04T19:31:49+00:00\",\"description\":\"Metoda FITS Wroc\u0142aw - Funkcjonalna Indywidualna Terapia Skolioz jest skierowana do os\u00f3b z wadami postawy, skoliozami oraz chorob\u0105 Scheuermanna.\",\"breadcrumb\":{\"@id\":\"https:\/\/aleksandraczeczot.pl\/index.php\/terapia\/leczenie-skolioz-metoda-fits-wroclaw\/#breadcrumb\"},\"inLanguage\":\"pl-PL\",\"potentialAction\":[{\"@type\":\"ReadAction\",\"target\":[\"https:\/\/aleksandraczeczot.pl\/index.php\/terapia\/leczenie-skolioz-metoda-fits-wroclaw\/\"]}]},{\"@type\":\"ImageObject\",\"inLanguage\":\"pl-PL\",\"@id\":\"https:\/\/aleksandraczeczot.pl\/index.php\/terapia\/leczenie-skolioz-metoda-fits-wroclaw\/#primaryimage\",\"url\":\"https:\/\/aleksandraczeczot.pl\/wp-content\/uploads\/2016\/01\/Metoda-FITS-e1499720408833.jpg\",\"contentUrl\":\"https:\/\/aleksandraczeczot.pl\/wp-content\/uploads\/2016\/01\/Metoda-FITS-e1499720408833.jpg\",\"width\":1325,\"height\":2000},{\"@type\":\"BreadcrumbList\",\"@id\":\"https:\/\/aleksandraczeczot.pl\/index.php\/terapia\/leczenie-skolioz-metoda-fits-wroclaw\/#breadcrumb\",\"itemListElement\":[{\"@type\":\"ListItem\",\"position\":1,\"name\":\"Strona g\u0142\u00f3wna\",\"item\":\"https:\/\/aleksandraczeczot.pl\/\"},{\"@type\":\"ListItem\",\"position\":2,\"name\":\"Terapia\",\"item\":\"https:\/\/aleksandraczeczot.pl\/index.php\/terapia\/\"},{\"@type\":\"ListItem\",\"position\":3,\"name\":\"Skoliozy i wady postaw &#8211; metoda FITS\"}]},{\"@type\":\"WebSite\",\"@id\":\"https:\/\/aleksandraczeczot.pl\/#website\",\"url\":\"https:\/\/aleksandraczeczot.pl\/\",\"name\":\"Aleksandra Czeczot\",\"description\":\"Fizjoterapia\",\"publisher\":{\"@id\":\"https:\/\/aleksandraczeczot.pl\/#\/schema\/person\/1bbcbc7524464b8562b2eafa82bb748e\"},\"potentialAction\":[{\"@type\":\"SearchAction\",\"target\":{\"@type\":\"EntryPoint\",\"urlTemplate\":\"https:\/\/aleksandraczeczot.pl\/?s={search_term_string}\"},\"query-input\":{\"@type\":\"PropertyValueSpecification\",\"valueRequired\":true,\"valueName\":\"search_term_string\"}}],\"inLanguage\":\"pl-PL\"},{\"@type\":[\"Person\",\"Organization\"],\"@id\":\"https:\/\/aleksandraczeczot.pl\/#\/schema\/person\/1bbcbc7524464b8562b2eafa82bb748e\",\"name\":\"Aleksandra Czeczot\",\"image\":{\"@type\":\"ImageObject\",\"inLanguage\":\"pl-PL\",\"@id\":\"https:\/\/aleksandraczeczot.pl\/#\/schema\/person\/image\/\",\"url\":\"https:\/\/secure.gravatar.com\/avatar\/88b6722d52d7101ffde638b25bafa478?s=96&d=mm&r=g\",\"contentUrl\":\"https:\/\/secure.gravatar.com\/avatar\/88b6722d52d7101ffde638b25bafa478?s=96&d=mm&r=g\",\"caption\":\"Aleksandra Czeczot\"},\"logo\":{\"@id\":\"https:\/\/aleksandraczeczot.pl\/#\/schema\/person\/image\/\"}}]}<\/script>\n<!-- \/ Yoast SEO plugin. -->","yoast_head_json":{"title":"Skoliozy i wady postaw - metoda FITS - Aleksandra Czeczot","description":"Metoda FITS Wroc\u0142aw - Funkcjonalna Indywidualna Terapia Skolioz jest skierowana do os\u00f3b z wadami postawy, skoliozami oraz chorob\u0105 Scheuermanna.","robots":{"index":"index","follow":"follow","max-snippet":"max-snippet:-1","max-image-preview":"max-image-preview:large","max-video-preview":"max-video-preview:-1"},"canonical":"https:\/\/aleksandraczeczot.pl\/index.php\/terapia\/leczenie-skolioz-metoda-fits-wroclaw\/","og_locale":"pl_PL","og_type":"article","og_title":"Skoliozy i wady postaw - metoda FITS - Aleksandra Czeczot","og_description":"Metoda FITS Wroc\u0142aw - Funkcjonalna Indywidualna Terapia Skolioz jest skierowana do os\u00f3b z wadami postawy, skoliozami oraz chorob\u0105 Scheuermanna.","og_url":"https:\/\/aleksandraczeczot.pl\/index.php\/terapia\/leczenie-skolioz-metoda-fits-wroclaw\/","og_site_name":"Aleksandra Czeczot","article_modified_time":"2017-08-04T19:31:49+00:00","og_image":[{"url":"http:\/\/aleksandraczeczot.pl\/wp-content\/uploads\/2016\/01\/Metoda-FITS-e1499720408833.jpg","type":"","width":"","height":""}],"twitter_card":"summary_large_image","twitter_misc":{"Szacowany czas czytania":"1 minuta"},"schema":{"@context":"https:\/\/schema.org","@graph":[{"@type":"WebPage","@id":"https:\/\/aleksandraczeczot.pl\/index.php\/terapia\/leczenie-skolioz-metoda-fits-wroclaw\/","url":"https:\/\/aleksandraczeczot.pl\/index.php\/terapia\/leczenie-skolioz-metoda-fits-wroclaw\/","name":"Skoliozy i wady postaw - metoda FITS - Aleksandra Czeczot","isPartOf":{"@id":"https:\/\/aleksandraczeczot.pl\/#website"},"primaryImageOfPage":{"@id":"https:\/\/aleksandraczeczot.pl\/index.php\/terapia\/leczenie-skolioz-metoda-fits-wroclaw\/#primaryimage"},"image":{"@id":"https:\/\/aleksandraczeczot.pl\/index.php\/terapia\/leczenie-skolioz-metoda-fits-wroclaw\/#primaryimage"},"thumbnailUrl":"http:\/\/aleksandraczeczot.pl\/wp-content\/uploads\/2016\/01\/Metoda-FITS-e1499720408833.jpg","datePublished":"2016-01-12T17:25:15+00:00","dateModified":"2017-08-04T19:31:49+00:00","description":"Metoda FITS Wroc\u0142aw - Funkcjonalna Indywidualna Terapia Skolioz jest skierowana do os\u00f3b z wadami postawy, skoliozami oraz chorob\u0105 Scheuermanna.","breadcrumb":{"@id":"https:\/\/aleksandraczeczot.pl\/index.php\/terapia\/leczenie-skolioz-metoda-fits-wroclaw\/#breadcrumb"},"inLanguage":"pl-PL","potentialAction":[{"@type":"ReadAction","target":["https:\/\/aleksandraczeczot.pl\/index.php\/terapia\/leczenie-skolioz-metoda-fits-wroclaw\/"]}]},{"@type":"ImageObject","inLanguage":"pl-PL","@id":"https:\/\/aleksandraczeczot.pl\/index.php\/terapia\/leczenie-skolioz-metoda-fits-wroclaw\/#primaryimage","url":"https:\/\/aleksandraczeczot.pl\/wp-content\/uploads\/2016\/01\/Metoda-FITS-e1499720408833.jpg","contentUrl":"https:\/\/aleksandraczeczot.pl\/wp-content\/uploads\/2016\/01\/Metoda-FITS-e1499720408833.jpg","width":1325,"height":2000},{"@type":"BreadcrumbList","@id":"https:\/\/aleksandraczeczot.pl\/index.php\/terapia\/leczenie-skolioz-metoda-fits-wroclaw\/#breadcrumb","itemListElement":[{"@type":"ListItem","position":1,"name":"Strona g\u0142\u00f3wna","item":"https:\/\/aleksandraczeczot.pl\/"},{"@type":"ListItem","position":2,"name":"Terapia","item":"https:\/\/aleksandraczeczot.pl\/index.php\/terapia\/"},{"@type":"ListItem","position":3,"name":"Skoliozy i wady postaw &#8211; metoda FITS"}]},{"@type":"WebSite","@id":"https:\/\/aleksandraczeczot.pl\/#website","url":"https:\/\/aleksandraczeczot.pl\/","name":"Aleksandra Czeczot","description":"Fizjoterapia","publisher":{"@id":"https:\/\/aleksandraczeczot.pl\/#\/schema\/person\/1bbcbc7524464b8562b2eafa82bb748e"},"potentialAction":[{"@type":"SearchAction","target":{"@type":"EntryPoint","urlTemplate":"https:\/\/aleksandraczeczot.pl\/?s={search_term_string}"},"query-input":{"@type":"PropertyValueSpecification","valueRequired":true,"valueName":"search_term_string"}}],"inLanguage":"pl-PL"},{"@type":["Person","Organization"],"@id":"https:\/\/aleksandraczeczot.pl\/#\/schema\/person\/1bbcbc7524464b8562b2eafa82bb748e","name":"Aleksandra Czeczot","image":{"@type":"ImageObject","inLanguage":"pl-PL","@id":"https:\/\/aleksandraczeczot.pl\/#\/schema\/person\/image\/","url":"https:\/\/secure.gravatar.com\/avatar\/88b6722d52d7101ffde638b25bafa478?s=96&d=mm&r=g","contentUrl":"https:\/\/secure.gravatar.com\/avatar\/88b6722d52d7101ffde638b25bafa478?s=96&d=mm&r=g","caption":"Aleksandra Czeczot"},"logo":{"@id":"https:\/\/aleksandraczeczot.pl\/#\/schema\/person\/image\/"}}]}},"_links":{"self":[{"href":"https:\/\/aleksandraczeczot.pl\/index.php\/wp-json\/wp\/v2\/pages\/38","targetHints":{"allow":["GET"]}}],"collection":[{"href":"https:\/\/aleksandraczeczot.pl\/index.php\/wp-json\/wp\/v2\/pages"}],"about":[{"href":"https:\/\/aleksandraczeczot.pl\/index.php\/wp-json\/wp\/v2\/types\/page"}],"author":[{"embeddable":true,"href":"https:\/\/aleksandraczeczot.pl\/index.php\/wp-json\/wp\/v2\/users\/1"}],"replies":[{"embeddable":true,"href":"https:\/\/aleksandraczeczot.pl\/index.php\/wp-json\/wp\/v2\/comments?post=38"}],"version-history":[{"count":46,"href":"https:\/\/aleksandraczeczot.pl\/index.php\/wp-json\/wp\/v2\/pages\/38\/revisions"}],"predecessor-version":[{"id":656,"href":"https:\/\/aleksandraczeczot.pl\/index.php\/wp-json\/wp\/v2\/pages\/38\/revisions\/656"}],"up":[{"embeddable":true,"href":"https:\/\/aleksandraczeczot.pl\/index.php\/wp-json\/wp\/v2\/pages\/34"}],"wp:attachment":[{"href":"https:\/\/aleksandraczeczot.pl\/index.php\/wp-json\/wp\/v2\/media?parent=38"}],"curies":[{"name":"wp","href":"https:\/\/api.w.org\/{rel}","templated":true}]}}