{"id":41,"date":"2016-01-12T18:43:46","date_gmt":"2016-01-12T17:43:46","guid":{"rendered":"http:\/\/aleksandraczeczot.pl\/?page_id=41"},"modified":"2017-08-02T20:37:18","modified_gmt":"2017-08-02T18:37:18","slug":"terapia-manualna-holistyczna","status":"publish","type":"page","link":"https:\/\/aleksandraczeczot.pl\/index.php\/terapia\/terapia-manualna-holistyczna\/","title":{"rendered":"Terapia manualna holistyczna"},"content":{"rendered":"<div id=\"pl-41\"  class=\"panel-layout\" ><div id=\"pg-41-0\"  class=\"panel-grid panel-has-style\" ><div class=\"siteorigin-panels-stretch panel-row-style panel-row-style-for-41-0\" id=\"services\" data-stretch-type=\"full\" ><div id=\"pgc-41-0-0\"  class=\"panel-grid-cell\" ><div id=\"panel-41-0-0-0\" class=\"so-panel widget widget_sow-headline panel-first-child panel-last-child\" data-index=\"0\" ><div class=\"panel-widget-style panel-widget-style-for-41-0-0-0\" ><div\n\t\t\t\n\t\t\tclass=\"so-widget-sow-headline so-widget-sow-headline-default-0a5c3f6f8b37-41\"\n\t\t\t\n\t\t><div class=\"sow-headline-container \">\n\t\t\t\t\t\t\t<h1 class=\"sow-headline\">\n\t\t\t\t\t\t\t\t\t\t\t\t\t<a href=\"#go-down\" >\n\t\t\t\t\t\t\t\tTerapia Manualna Holistyczna<\/a>\t\t\t\t\t\t<\/h1>\n\t\t\t\t\t\t\t\t\t\t\t<div class=\"decoration\">\n\t\t\t\t\t\t<div class=\"decoration-inside\"><\/div>\n\t\t\t\t\t<\/div>\n\t\t\t\t\t<\/div>\n<\/div><\/div><\/div><\/div><\/div><\/div><div id=\"pg-41-1\"  class=\"panel-grid panel-has-style\" ><div class=\"siteorigin-panels-stretch panel-row-style panel-row-style-for-41-1\" data-stretch-type=\"full-stretched\" ><div id=\"pgc-41-1-0\"  class=\"panel-grid-cell\" ><div id=\"panel-41-1-0-0\" class=\"so-panel widget widget_sow-editor panel-first-child panel-last-child\" data-index=\"1\" ><div class=\"panel-widget-style panel-widget-style-for-41-1-0-0\" ><div\n\t\t\t\n\t\t\tclass=\"so-widget-sow-editor so-widget-sow-editor-base\"\n\t\t\t\n\t\t>\n<div class=\"siteorigin-widget-tinymce textwidget\">\n\t<p><a name=\"go-down\"><\/a><\/p>\n<span class=\"\" style=\"display:block;clear:both;height: 0px;padding-top: 70px;border-top-width:0px;border-bottom-width:0px;\"><\/span><\/div>\n<\/div><\/div><\/div><\/div><\/div><\/div><div id=\"pg-41-2\"  class=\"panel-grid panel-no-style\" ><div id=\"pgc-41-2-0\"  class=\"panel-grid-cell\" ><div id=\"panel-41-2-0-0\" class=\"so-panel widget widget_sow-slider panel-first-child panel-last-child\" data-index=\"2\" ><div class=\"panel-widget-style panel-widget-style-for-41-2-0-0\" ><div\n\t\t\t\n\t\t\tclass=\"so-widget-sow-slider so-widget-sow-slider-default-6d39609536fd-41\"\n\t\t\t\n\t\t>\t\t\t\t<div class=\"sow-slider-base\" style=\"display: none\" tabindex=\"0\">\n\t\t\t\t\t<ul\n\t\t\t\t\tclass=\"sow-slider-images\"\n\t\t\t\t\tdata-settings=\"{&quot;pagination&quot;:true,&quot;speed&quot;:200,&quot;timeout&quot;:2000,&quot;paused&quot;:false,&quot;pause_on_hover&quot;:false,&quot;swipe&quot;:true,&quot;nav_always_show_desktop&quot;:&quot;&quot;,&quot;nav_always_show_mobile&quot;:&quot;&quot;,&quot;breakpoint&quot;:&quot;780px&quot;,&quot;unmute&quot;:false,&quot;anchor&quot;:null}\"\n\t\t\t\t\t\t\t\t\t\tdata-anchor-id=\"\"\n\t\t\t\t>\t\t<li class=\"sow-slider-image\" style=\"visibility: visible;\" >\n\t\t\t\t\t\t<img loading=\"lazy\" decoding=\"async\" width=\"1325\" height=\"2000\" src=\"https:\/\/aleksandraczeczot.pl\/wp-content\/uploads\/2016\/01\/Terapia-Manualna-e1499720690497.jpg\" class=\"sow-slider-background-image no-lazy\" alt=\"\" style=\"\" \/>\t\t<\/li>\n\t\t\t\t<li class=\"sow-slider-image\" style=\"visibility: hidden;\" >\n\t\t\t\t\t\t<img loading=\"lazy\" decoding=\"async\" width=\"1306\" height=\"1972\" src=\"https:\/\/aleksandraczeczot.pl\/wp-content\/uploads\/2016\/01\/Terapia-Manualna-Holistyczna.jpg\" class=\"sow-slider-background-image no-lazy\" alt=\"\" style=\"\" srcset=\"https:\/\/aleksandraczeczot.pl\/wp-content\/uploads\/2016\/01\/Terapia-Manualna-Holistyczna.jpg 1306w, https:\/\/aleksandraczeczot.pl\/wp-content\/uploads\/2016\/01\/Terapia-Manualna-Holistyczna-199x300.jpg 199w, https:\/\/aleksandraczeczot.pl\/wp-content\/uploads\/2016\/01\/Terapia-Manualna-Holistyczna-768x1160.jpg 768w, https:\/\/aleksandraczeczot.pl\/wp-content\/uploads\/2016\/01\/Terapia-Manualna-Holistyczna-678x1024.jpg 678w\" sizes=\"auto, (max-width: 1306px) 100vw, 1306px\" \/>\t\t<\/li>\n\t\t<\/ul>\t\t\t\t<ol class=\"sow-slider-pagination\">\n\t\t\t\t\t\t\t\t\t\t\t<li><a href=\"#\" data-goto=\"0\" aria-label=\"Display slide 1\"><\/a><\/li>\n\t\t\t\t\t\t\t\t\t\t\t<li><a href=\"#\" data-goto=\"1\" aria-label=\"Display slide 2\"><\/a><\/li>\n\t\t\t\t\t\t\t\t\t<\/ol>\n\n\t\t\t\t<div class=\"sow-slide-nav sow-slide-nav-next\">\n\t\t\t\t\t<a href=\"#\" data-goto=\"next\" aria-label=\"Next slide\" data-action=\"next\">\n\t\t\t\t\t\t<em class=\"sow-sld-icon-thin-right\"><\/em>\n\t\t\t\t\t<\/a>\n\t\t\t\t<\/div>\n\n\t\t\t\t<div class=\"sow-slide-nav sow-slide-nav-prev\">\n\t\t\t\t\t<a href=\"#\" data-goto=\"previous\" aria-label=\"Previous slide\" data-action=\"prev\">\n\t\t\t\t\t\t<em class=\"sow-sld-icon-thin-left\"><\/em>\n\t\t\t\t\t<\/a>\n\t\t\t\t<\/div>\n\t\t\t\t<\/div><\/div><\/div><\/div><\/div><div id=\"pgc-41-2-1\"  class=\"panel-grid-cell\" ><div id=\"panel-41-2-1-0\" class=\"so-panel widget widget_sow-editor panel-first-child\" data-index=\"3\" ><div class=\"panel-widget-style panel-widget-style-for-41-2-1-0\" ><div\n\t\t\t\n\t\t\tclass=\"so-widget-sow-editor so-widget-sow-editor-base\"\n\t\t\t\n\t\t>\n<div class=\"siteorigin-widget-tinymce textwidget\">\n\t<p style=\"text-align: justify;\"><span style=\"font-family: helvetica, arial, sans-serif;\"><strong>TMH<\/strong> - Terapia Manualna Holistyczna to metoda pozwalaj\u0105ca na leczenie zaburze\u0144 czynno\u015bci narz\u0105du ruchu. W metodzie tej najistotniejsze jest spojrzenie na cz\u0142owieka ca\u0142o\u015bciowo zar\u00f3wno w wymiarze fizycznym jak i emocjonalnym. Pozwala to na uwzgl\u0119dnienie stresu oraz innych czynnik\u00f3w wp\u0142ywaj\u0105cych na stan pacjenta. TMH doskonale sprawdza si\u0119 zar\u00f3wno w leczeniu nag\u0142ych incydent\u00f3w b\u00f3lowych jak i stanach przewlek\u0142ych neurologicznych, internistycznych oraz ortopedycznych. \u00a0Terapia \u0142\u0105czy szerok\u0105 wiedz\u0119 anatomiczn\u0105 z objawami psychogennymi, dzi\u0119ki czemu jest w stanie wp\u0142yn\u0105\u0107 na objawy, z kt\u00f3rymi pacjenci cz\u0119sto zmagaj\u0105 si\u0119 od d\u0142u\u017cszego czasu, mimo \u017ce w badaniach obiektywnych nie ma podstaw do ich wyst\u0119powania.<\/span><\/p>\n<\/div>\n<\/div><\/div><\/div><div id=\"panel-41-2-1-1\" class=\"so-panel widget widget_sow-image\" data-index=\"4\" ><div class=\"panel-widget-style panel-widget-style-for-41-2-1-1\" ><div\n\t\t\t\n\t\t\tclass=\"so-widget-sow-image so-widget-sow-image-default-8b5b6f678277-41\"\n\t\t\t\n\t\t>\n<div class=\"sow-image-container\">\n\t\t<img loading=\"lazy\" decoding=\"async\" src=\"https:\/\/aleksandraczeczot.pl\/wp-content\/uploads\/2017\/08\/Terapia-Manualna-Wroc\u0142aw.jpg\" width=\"1436\" height=\"959\" srcset=\"https:\/\/aleksandraczeczot.pl\/wp-content\/uploads\/2017\/08\/Terapia-Manualna-Wroc\u0142aw.jpg 1436w, https:\/\/aleksandraczeczot.pl\/wp-content\/uploads\/2017\/08\/Terapia-Manualna-Wroc\u0142aw-300x200.jpg 300w, https:\/\/aleksandraczeczot.pl\/wp-content\/uploads\/2017\/08\/Terapia-Manualna-Wroc\u0142aw-768x513.jpg 768w, https:\/\/aleksandraczeczot.pl\/wp-content\/uploads\/2017\/08\/Terapia-Manualna-Wroc\u0142aw-1024x684.jpg 1024w, https:\/\/aleksandraczeczot.pl\/wp-content\/uploads\/2017\/08\/Terapia-Manualna-Wroc\u0142aw-272x182.jpg 272w\" sizes=\"auto, (max-width: 1436px) 100vw, 1436px\" title=\"Terapia Manualna Wroc\u0142aw\" alt=\"\" \t\tclass=\"so-widget-image\"\/>\n\t<\/div>\n\n<\/div><\/div><\/div><div id=\"panel-41-2-1-2\" class=\"so-panel widget widget_sow-hero\" data-index=\"5\" ><div class=\"panel-widget-style panel-widget-style-for-41-2-1-2\" ><div\n\t\t\t\n\t\t\tclass=\"so-widget-sow-hero so-widget-sow-hero-default-7c3c2c33d60f-41 so-widget-fittext-wrapper\"\n\t\t\t\n\t\t>\t\t\t\t<div class=\"sow-slider-base\" style=\"display: none\" tabindex=\"0\">\n\t\t\t\t\t<ul\n\t\t\t\t\tclass=\"sow-slider-images\"\n\t\t\t\t\tdata-settings=\"{&quot;pagination&quot;:true,&quot;speed&quot;:800,&quot;timeout&quot;:8000,&quot;paused&quot;:false,&quot;pause_on_hover&quot;:false,&quot;swipe&quot;:true,&quot;nav_always_show_desktop&quot;:&quot;&quot;,&quot;nav_always_show_mobile&quot;:&quot;&quot;,&quot;breakpoint&quot;:&quot;780px&quot;,&quot;unmute&quot;:false,&quot;anchor&quot;:null}\"\n\t\t\t\t\tstyle=\"min-height: 120px\"\t\t\t\t\tdata-anchor-id=\"\"\n\t\t\t\t>\t\t<li class=\"sow-slider-image\" style=\"visibility: visible;;background-color: #27cbcd;cursor: pointer;\" data-url=\"{&quot;url&quot;:&quot;https:\\\/\\\/aleksandraczeczot.pl\\\/index.php\\\/terapia\\\/&quot;,&quot;new_window&quot;:false}\" >\n\t\t\t\t\t<div class=\"sow-slider-image-container\">\n\t\t\t<div class=\"sow-slider-image-wrapper\">\n\t\t\t\t<h1 style=\"text-align: center\"><span style=\"font-family: helvetica, arial, sans-serif;color: #ffffff\">Pozosta\u0142e rodzaje terapii<\/span><\/h1>\t\t\t<\/div>\n\t\t<\/div>\n\t\t\t\t<\/li>\n\t\t<\/ul>\t\t\t\t<ol class=\"sow-slider-pagination\">\n\t\t\t\t\t\t\t\t\t\t\t<li><a href=\"#\" data-goto=\"0\" aria-label=\"Display slide 1\"><\/a><\/li>\n\t\t\t\t\t\t\t\t\t<\/ol>\n\n\t\t\t\t<div class=\"sow-slide-nav sow-slide-nav-next\">\n\t\t\t\t\t<a href=\"#\" data-goto=\"next\" aria-label=\"Next slide\" data-action=\"next\">\n\t\t\t\t\t\t<em class=\"sow-sld-icon-thin-right\"><\/em>\n\t\t\t\t\t<\/a>\n\t\t\t\t<\/div>\n\n\t\t\t\t<div class=\"sow-slide-nav sow-slide-nav-prev\">\n\t\t\t\t\t<a href=\"#\" data-goto=\"previous\" aria-label=\"Previous slide\" data-action=\"prev\">\n\t\t\t\t\t\t<em class=\"sow-sld-icon-thin-left\"><\/em>\n\t\t\t\t\t<\/a>\n\t\t\t\t<\/div>\n\t\t\t\t<\/div><\/div><\/div><\/div><div id=\"panel-41-2-1-3\" class=\"so-panel widget widget_sow-hero panel-last-child\" data-index=\"6\" ><div class=\"panel-widget-style panel-widget-style-for-41-2-1-3\" ><div\n\t\t\t\n\t\t\tclass=\"so-widget-sow-hero so-widget-sow-hero-default-7c3c2c33d60f-41 so-widget-fittext-wrapper\"\n\t\t\t\n\t\t>\t\t\t\t<div class=\"sow-slider-base\" style=\"display: none\" tabindex=\"0\">\n\t\t\t\t\t<ul\n\t\t\t\t\tclass=\"sow-slider-images\"\n\t\t\t\t\tdata-settings=\"{&quot;pagination&quot;:true,&quot;speed&quot;:800,&quot;timeout&quot;:8000,&quot;paused&quot;:false,&quot;pause_on_hover&quot;:false,&quot;swipe&quot;:true,&quot;nav_always_show_desktop&quot;:&quot;&quot;,&quot;nav_always_show_mobile&quot;:&quot;&quot;,&quot;breakpoint&quot;:&quot;780px&quot;,&quot;unmute&quot;:false,&quot;anchor&quot;:null}\"\n\t\t\t\t\tstyle=\"min-height: 120px\"\t\t\t\t\tdata-anchor-id=\"\"\n\t\t\t\t>\t\t<li class=\"sow-slider-image\" style=\"visibility: visible;;background-color: #27cbcd;cursor: pointer;\" data-url=\"{&quot;url&quot;:&quot;https:\\\/\\\/aleksandraczeczot.pl\\\/index.php\\\/kontakt\\\/&quot;,&quot;new_window&quot;:false}\" >\n\t\t\t\t\t<div class=\"sow-slider-image-container\">\n\t\t\t<div class=\"sow-slider-image-wrapper\">\n\t\t\t\t<h1 style=\"text-align: center\"><span style=\"font-family: helvetica, arial, sans-serif;color: #ffffff\">Kontakt<\/span><\/h1>\t\t\t<\/div>\n\t\t<\/div>\n\t\t\t\t<\/li>\n\t\t<\/ul>\t\t\t\t<ol class=\"sow-slider-pagination\">\n\t\t\t\t\t\t\t\t\t\t\t<li><a href=\"#\" data-goto=\"0\" aria-label=\"Display slide 1\"><\/a><\/li>\n\t\t\t\t\t\t\t\t\t<\/ol>\n\n\t\t\t\t<div class=\"sow-slide-nav sow-slide-nav-next\">\n\t\t\t\t\t<a href=\"#\" data-goto=\"next\" aria-label=\"Next slide\" data-action=\"next\">\n\t\t\t\t\t\t<em class=\"sow-sld-icon-thin-right\"><\/em>\n\t\t\t\t\t<\/a>\n\t\t\t\t<\/div>\n\n\t\t\t\t<div class=\"sow-slide-nav sow-slide-nav-prev\">\n\t\t\t\t\t<a href=\"#\" data-goto=\"previous\" aria-label=\"Previous slide\" data-action=\"prev\">\n\t\t\t\t\t\t<em class=\"sow-sld-icon-thin-left\"><\/em>\n\t\t\t\t\t<\/a>\n\t\t\t\t<\/div>\n\t\t\t\t<\/div><\/div><\/div><\/div><\/div><\/div><div id=\"pg-41-3\"  class=\"panel-grid panel-no-style\" ><div id=\"pgc-41-3-0\"  class=\"panel-grid-cell\" ><div id=\"panel-41-3-0-0\" class=\"so-panel widget widget_sow-editor panel-first-child panel-last-child\" data-index=\"7\" ><div\n\t\t\t\n\t\t\tclass=\"so-widget-sow-editor so-widget-sow-editor-base\"\n\t\t\t\n\t\t>\n<div class=\"siteorigin-widget-tinymce textwidget\">\n\t<style> .sow-slider-image-wrapper:hover{background-color: #369496;} <\/style>\n<\/div>\n<\/div><\/div><\/div><\/div><\/div>","protected":false},"excerpt":{"rendered":"<p>Terapia Manualna Holistyczna TMH &#8211; Terapia Manualna Holistyczna to metoda pozwalaj\u0105ca na leczenie zaburze\u0144 czynno\u015bci narz\u0105du ruchu. W metodzie tej najistotniejsze jest spojrzenie na cz\u0142owieka ca\u0142o\u015bciowo zar\u00f3wno w wymiarze fizycznym jak i emocjonalnym. Pozwala to na uwzgl\u0119dnienie stresu oraz innych czynnik\u00f3w wp\u0142ywaj\u0105cych na stan pacjenta. TMH doskonale sprawdza si\u0119 zar\u00f3wno w leczeniu nag\u0142ych incydent\u00f3w b\u00f3lowych [&hellip;]<\/p>\n","protected":false},"author":1,"featured_media":0,"parent":34,"menu_order":2,"comment_status":"closed","ping_status":"closed","template":"","meta":{"footnotes":""},"class_list":["post-41","page","type-page","status-publish","czr-hentry"],"yoast_head":"<!-- This site is optimized with the Yoast SEO plugin v24.7 - https:\/\/yoast.com\/wordpress\/plugins\/seo\/ -->\n<title>Terapia manualna holistyczna - Aleksandra Czeczot<\/title>\n<meta name=\"description\" content=\"Terapia Manualna Holistyczna pozwala na leczenie zaburze\u0144 czynno\u015bci narz\u0105du ruchu przez spojrzenie na cz\u0142owieka w wymiarze fizycznym oraz emocjonalnym.\" \/>\n<meta name=\"robots\" content=\"index, follow, max-snippet:-1, max-image-preview:large, max-video-preview:-1\" \/>\n<link rel=\"canonical\" href=\"https:\/\/aleksandraczeczot.pl\/index.php\/terapia\/terapia-manualna-holistyczna\/\" \/>\n<meta property=\"og:locale\" content=\"pl_PL\" \/>\n<meta property=\"og:type\" content=\"article\" \/>\n<meta property=\"og:title\" content=\"Terapia manualna holistyczna - Aleksandra Czeczot\" \/>\n<meta property=\"og:description\" content=\"Terapia Manualna Holistyczna pozwala na leczenie zaburze\u0144 czynno\u015bci narz\u0105du ruchu przez spojrzenie na cz\u0142owieka w wymiarze fizycznym oraz emocjonalnym.\" \/>\n<meta property=\"og:url\" content=\"https:\/\/aleksandraczeczot.pl\/index.php\/terapia\/terapia-manualna-holistyczna\/\" \/>\n<meta property=\"og:site_name\" content=\"Aleksandra Czeczot\" \/>\n<meta property=\"article:modified_time\" content=\"2017-08-02T18:37:18+00:00\" \/>\n<meta property=\"og:image\" content=\"http:\/\/aleksandraczeczot.pl\/wp-content\/uploads\/2016\/01\/Terapia-Manualna-e1499720690497.jpg\" \/>\n<meta name=\"twitter:card\" content=\"summary_large_image\" \/>\n<meta name=\"twitter:label1\" content=\"Szacowany czas czytania\" \/>\n\t<meta name=\"twitter:data1\" content=\"1 minuta\" \/>\n<script type=\"application\/ld+json\" class=\"yoast-schema-graph\">{\"@context\":\"https:\/\/schema.org\",\"@graph\":[{\"@type\":\"WebPage\",\"@id\":\"https:\/\/aleksandraczeczot.pl\/index.php\/terapia\/terapia-manualna-holistyczna\/\",\"url\":\"https:\/\/aleksandraczeczot.pl\/index.php\/terapia\/terapia-manualna-holistyczna\/\",\"name\":\"Terapia manualna holistyczna - Aleksandra Czeczot\",\"isPartOf\":{\"@id\":\"https:\/\/aleksandraczeczot.pl\/#website\"},\"primaryImageOfPage\":{\"@id\":\"https:\/\/aleksandraczeczot.pl\/index.php\/terapia\/terapia-manualna-holistyczna\/#primaryimage\"},\"image\":{\"@id\":\"https:\/\/aleksandraczeczot.pl\/index.php\/terapia\/terapia-manualna-holistyczna\/#primaryimage\"},\"thumbnailUrl\":\"http:\/\/aleksandraczeczot.pl\/wp-content\/uploads\/2016\/01\/Terapia-Manualna-e1499720690497.jpg\",\"datePublished\":\"2016-01-12T17:43:46+00:00\",\"dateModified\":\"2017-08-02T18:37:18+00:00\",\"description\":\"Terapia Manualna Holistyczna pozwala na leczenie zaburze\u0144 czynno\u015bci narz\u0105du ruchu przez spojrzenie na cz\u0142owieka w wymiarze fizycznym oraz emocjonalnym.\",\"breadcrumb\":{\"@id\":\"https:\/\/aleksandraczeczot.pl\/index.php\/terapia\/terapia-manualna-holistyczna\/#breadcrumb\"},\"inLanguage\":\"pl-PL\",\"potentialAction\":[{\"@type\":\"ReadAction\",\"target\":[\"https:\/\/aleksandraczeczot.pl\/index.php\/terapia\/terapia-manualna-holistyczna\/\"]}]},{\"@type\":\"ImageObject\",\"inLanguage\":\"pl-PL\",\"@id\":\"https:\/\/aleksandraczeczot.pl\/index.php\/terapia\/terapia-manualna-holistyczna\/#primaryimage\",\"url\":\"https:\/\/aleksandraczeczot.pl\/wp-content\/uploads\/2016\/01\/Terapia-Manualna-e1499720690497.jpg\",\"contentUrl\":\"https:\/\/aleksandraczeczot.pl\/wp-content\/uploads\/2016\/01\/Terapia-Manualna-e1499720690497.jpg\",\"width\":1325,\"height\":2000},{\"@type\":\"BreadcrumbList\",\"@id\":\"https:\/\/aleksandraczeczot.pl\/index.php\/terapia\/terapia-manualna-holistyczna\/#breadcrumb\",\"itemListElement\":[{\"@type\":\"ListItem\",\"position\":1,\"name\":\"Strona g\u0142\u00f3wna\",\"item\":\"https:\/\/aleksandraczeczot.pl\/\"},{\"@type\":\"ListItem\",\"position\":2,\"name\":\"Terapia\",\"item\":\"https:\/\/aleksandraczeczot.pl\/index.php\/terapia\/\"},{\"@type\":\"ListItem\",\"position\":3,\"name\":\"Terapia manualna holistyczna\"}]},{\"@type\":\"WebSite\",\"@id\":\"https:\/\/aleksandraczeczot.pl\/#website\",\"url\":\"https:\/\/aleksandraczeczot.pl\/\",\"name\":\"Aleksandra Czeczot\",\"description\":\"Fizjoterapia\",\"publisher\":{\"@id\":\"https:\/\/aleksandraczeczot.pl\/#\/schema\/person\/1bbcbc7524464b8562b2eafa82bb748e\"},\"potentialAction\":[{\"@type\":\"SearchAction\",\"target\":{\"@type\":\"EntryPoint\",\"urlTemplate\":\"https:\/\/aleksandraczeczot.pl\/?s={search_term_string}\"},\"query-input\":{\"@type\":\"PropertyValueSpecification\",\"valueRequired\":true,\"valueName\":\"search_term_string\"}}],\"inLanguage\":\"pl-PL\"},{\"@type\":[\"Person\",\"Organization\"],\"@id\":\"https:\/\/aleksandraczeczot.pl\/#\/schema\/person\/1bbcbc7524464b8562b2eafa82bb748e\",\"name\":\"Aleksandra Czeczot\",\"image\":{\"@type\":\"ImageObject\",\"inLanguage\":\"pl-PL\",\"@id\":\"https:\/\/aleksandraczeczot.pl\/#\/schema\/person\/image\/\",\"url\":\"https:\/\/secure.gravatar.com\/avatar\/88b6722d52d7101ffde638b25bafa478?s=96&d=mm&r=g\",\"contentUrl\":\"https:\/\/secure.gravatar.com\/avatar\/88b6722d52d7101ffde638b25bafa478?s=96&d=mm&r=g\",\"caption\":\"Aleksandra Czeczot\"},\"logo\":{\"@id\":\"https:\/\/aleksandraczeczot.pl\/#\/schema\/person\/image\/\"}}]}<\/script>\n<!-- \/ Yoast SEO plugin. -->","yoast_head_json":{"title":"Terapia manualna holistyczna - Aleksandra Czeczot","description":"Terapia Manualna Holistyczna pozwala na leczenie zaburze\u0144 czynno\u015bci narz\u0105du ruchu przez spojrzenie na cz\u0142owieka w wymiarze fizycznym oraz emocjonalnym.","robots":{"index":"index","follow":"follow","max-snippet":"max-snippet:-1","max-image-preview":"max-image-preview:large","max-video-preview":"max-video-preview:-1"},"canonical":"https:\/\/aleksandraczeczot.pl\/index.php\/terapia\/terapia-manualna-holistyczna\/","og_locale":"pl_PL","og_type":"article","og_title":"Terapia manualna holistyczna - Aleksandra Czeczot","og_description":"Terapia Manualna Holistyczna pozwala na leczenie zaburze\u0144 czynno\u015bci narz\u0105du ruchu przez spojrzenie na cz\u0142owieka w wymiarze fizycznym oraz emocjonalnym.","og_url":"https:\/\/aleksandraczeczot.pl\/index.php\/terapia\/terapia-manualna-holistyczna\/","og_site_name":"Aleksandra Czeczot","article_modified_time":"2017-08-02T18:37:18+00:00","og_image":[{"url":"http:\/\/aleksandraczeczot.pl\/wp-content\/uploads\/2016\/01\/Terapia-Manualna-e1499720690497.jpg","type":"","width":"","height":""}],"twitter_card":"summary_large_image","twitter_misc":{"Szacowany czas czytania":"1 minuta"},"schema":{"@context":"https:\/\/schema.org","@graph":[{"@type":"WebPage","@id":"https:\/\/aleksandraczeczot.pl\/index.php\/terapia\/terapia-manualna-holistyczna\/","url":"https:\/\/aleksandraczeczot.pl\/index.php\/terapia\/terapia-manualna-holistyczna\/","name":"Terapia manualna holistyczna - Aleksandra Czeczot","isPartOf":{"@id":"https:\/\/aleksandraczeczot.pl\/#website"},"primaryImageOfPage":{"@id":"https:\/\/aleksandraczeczot.pl\/index.php\/terapia\/terapia-manualna-holistyczna\/#primaryimage"},"image":{"@id":"https:\/\/aleksandraczeczot.pl\/index.php\/terapia\/terapia-manualna-holistyczna\/#primaryimage"},"thumbnailUrl":"http:\/\/aleksandraczeczot.pl\/wp-content\/uploads\/2016\/01\/Terapia-Manualna-e1499720690497.jpg","datePublished":"2016-01-12T17:43:46+00:00","dateModified":"2017-08-02T18:37:18+00:00","description":"Terapia Manualna Holistyczna pozwala na leczenie zaburze\u0144 czynno\u015bci narz\u0105du ruchu przez spojrzenie na cz\u0142owieka w wymiarze fizycznym oraz emocjonalnym.","breadcrumb":{"@id":"https:\/\/aleksandraczeczot.pl\/index.php\/terapia\/terapia-manualna-holistyczna\/#breadcrumb"},"inLanguage":"pl-PL","potentialAction":[{"@type":"ReadAction","target":["https:\/\/aleksandraczeczot.pl\/index.php\/terapia\/terapia-manualna-holistyczna\/"]}]},{"@type":"ImageObject","inLanguage":"pl-PL","@id":"https:\/\/aleksandraczeczot.pl\/index.php\/terapia\/terapia-manualna-holistyczna\/#primaryimage","url":"https:\/\/aleksandraczeczot.pl\/wp-content\/uploads\/2016\/01\/Terapia-Manualna-e1499720690497.jpg","contentUrl":"https:\/\/aleksandraczeczot.pl\/wp-content\/uploads\/2016\/01\/Terapia-Manualna-e1499720690497.jpg","width":1325,"height":2000},{"@type":"BreadcrumbList","@id":"https:\/\/aleksandraczeczot.pl\/index.php\/terapia\/terapia-manualna-holistyczna\/#breadcrumb","itemListElement":[{"@type":"ListItem","position":1,"name":"Strona g\u0142\u00f3wna","item":"https:\/\/aleksandraczeczot.pl\/"},{"@type":"ListItem","position":2,"name":"Terapia","item":"https:\/\/aleksandraczeczot.pl\/index.php\/terapia\/"},{"@type":"ListItem","position":3,"name":"Terapia manualna holistyczna"}]},{"@type":"WebSite","@id":"https:\/\/aleksandraczeczot.pl\/#website","url":"https:\/\/aleksandraczeczot.pl\/","name":"Aleksandra Czeczot","description":"Fizjoterapia","publisher":{"@id":"https:\/\/aleksandraczeczot.pl\/#\/schema\/person\/1bbcbc7524464b8562b2eafa82bb748e"},"potentialAction":[{"@type":"SearchAction","target":{"@type":"EntryPoint","urlTemplate":"https:\/\/aleksandraczeczot.pl\/?s={search_term_string}"},"query-input":{"@type":"PropertyValueSpecification","valueRequired":true,"valueName":"search_term_string"}}],"inLanguage":"pl-PL"},{"@type":["Person","Organization"],"@id":"https:\/\/aleksandraczeczot.pl\/#\/schema\/person\/1bbcbc7524464b8562b2eafa82bb748e","name":"Aleksandra Czeczot","image":{"@type":"ImageObject","inLanguage":"pl-PL","@id":"https:\/\/aleksandraczeczot.pl\/#\/schema\/person\/image\/","url":"https:\/\/secure.gravatar.com\/avatar\/88b6722d52d7101ffde638b25bafa478?s=96&d=mm&r=g","contentUrl":"https:\/\/secure.gravatar.com\/avatar\/88b6722d52d7101ffde638b25bafa478?s=96&d=mm&r=g","caption":"Aleksandra Czeczot"},"logo":{"@id":"https:\/\/aleksandraczeczot.pl\/#\/schema\/person\/image\/"}}]}},"_links":{"self":[{"href":"https:\/\/aleksandraczeczot.pl\/index.php\/wp-json\/wp\/v2\/pages\/41","targetHints":{"allow":["GET"]}}],"collection":[{"href":"https:\/\/aleksandraczeczot.pl\/index.php\/wp-json\/wp\/v2\/pages"}],"about":[{"href":"https:\/\/aleksandraczeczot.pl\/index.php\/wp-json\/wp\/v2\/types\/page"}],"author":[{"embeddable":true,"href":"https:\/\/aleksandraczeczot.pl\/index.php\/wp-json\/wp\/v2\/users\/1"}],"replies":[{"embeddable":true,"href":"https:\/\/aleksandraczeczot.pl\/index.php\/wp-json\/wp\/v2\/comments?post=41"}],"version-history":[{"count":29,"href":"https:\/\/aleksandraczeczot.pl\/index.php\/wp-json\/wp\/v2\/pages\/41\/revisions"}],"predecessor-version":[{"id":155,"href":"https:\/\/aleksandraczeczot.pl\/index.php\/wp-json\/wp\/v2\/pages\/41\/revisions\/155"}],"up":[{"embeddable":true,"href":"https:\/\/aleksandraczeczot.pl\/index.php\/wp-json\/wp\/v2\/pages\/34"}],"wp:attachment":[{"href":"https:\/\/aleksandraczeczot.pl\/index.php\/wp-json\/wp\/v2\/media?parent=41"}],"curies":[{"name":"wp","href":"https:\/\/api.w.org\/{rel}","templated":true}]}}