{"id":46,"date":"2016-01-12T19:07:37","date_gmt":"2016-01-12T18:07:37","guid":{"rendered":"http:\/\/aleksandraczeczot.pl\/?page_id=46"},"modified":"2017-08-04T22:08:46","modified_gmt":"2017-08-04T20:08:46","slug":"kinesiology-taping","status":"publish","type":"page","link":"https:\/\/aleksandraczeczot.pl\/index.php\/terapia\/kinesiology-taping\/","title":{"rendered":"Kinesiology taping"},"content":{"rendered":"<div id=\"pl-46\"  class=\"panel-layout\" ><div id=\"pg-46-0\"  class=\"panel-grid panel-has-style\" ><div class=\"siteorigin-panels-stretch panel-row-style panel-row-style-for-46-0\" id=\"services\" data-stretch-type=\"full\" ><div id=\"pgc-46-0-0\"  class=\"panel-grid-cell\" ><div id=\"panel-46-0-0-0\" class=\"so-panel widget widget_sow-headline panel-first-child panel-last-child\" data-index=\"0\" ><div class=\"panel-widget-style panel-widget-style-for-46-0-0-0\" ><div\n\t\t\t\n\t\t\tclass=\"so-widget-sow-headline so-widget-sow-headline-default-0a5c3f6f8b37-46\"\n\t\t\t\n\t\t><div class=\"sow-headline-container \">\n\t\t\t\t\t\t\t<h1 class=\"sow-headline\">\n\t\t\t\t\t\t\t\t\t\t\t\t\t<a href=\"#go-down\" >\n\t\t\t\t\t\t\t\tKinesiology taping<\/a>\t\t\t\t\t\t<\/h1>\n\t\t\t\t\t\t\t\t\t\t\t<div class=\"decoration\">\n\t\t\t\t\t\t<div class=\"decoration-inside\"><\/div>\n\t\t\t\t\t<\/div>\n\t\t\t\t\t<\/div>\n<\/div><\/div><\/div><\/div><\/div><\/div><div id=\"pg-46-1\"  class=\"panel-grid panel-has-style\" ><div class=\"siteorigin-panels-stretch panel-row-style panel-row-style-for-46-1\" data-stretch-type=\"full-stretched\" ><div id=\"pgc-46-1-0\"  class=\"panel-grid-cell\" ><div id=\"panel-46-1-0-0\" class=\"so-panel widget widget_sow-image panel-first-child panel-last-child\" data-index=\"1\" ><div\n\t\t\t\n\t\t\tclass=\"so-widget-sow-image so-widget-sow-image-default-c4f6304fc136-46\"\n\t\t\t\n\t\t>\n<div class=\"sow-image-container\">\n\t\t<img loading=\"lazy\" decoding=\"async\" src=\"https:\/\/aleksandraczeczot.pl\/wp-content\/uploads\/2016\/01\/Kinesiology-Taping-e1499720630724.jpg\" width=\"3020\" height=\"2000\" sizes=\"auto, (max-width: 3020px) 100vw, 3020px\" title=\"Kinesiology Taping\" alt=\"\" \t\tclass=\"so-widget-image\"\/>\n\t<\/div>\n\n<\/div><\/div><\/div><\/div><\/div><div id=\"pg-46-2\"  class=\"panel-grid panel-has-style\" ><div class=\"siteorigin-panels-stretch panel-row-style panel-row-style-for-46-2\" data-stretch-type=\"full-stretched\" ><div id=\"pgc-46-2-0\"  class=\"panel-grid-cell\" ><div id=\"panel-46-2-0-0\" class=\"so-panel widget widget_sow-editor panel-first-child panel-last-child\" data-index=\"2\" ><div class=\"panel-widget-style panel-widget-style-for-46-2-0-0\" ><div\n\t\t\t\n\t\t\tclass=\"so-widget-sow-editor so-widget-sow-editor-base\"\n\t\t\t\n\t\t>\n<div class=\"siteorigin-widget-tinymce textwidget\">\n\t<p><a name=\"go-down\"><\/a><\/p>\n<span class=\"\" style=\"display:block;clear:both;height: 0px;padding-top: 70px;border-top-width:0px;border-bottom-width:0px;\"><\/span><\/div>\n<\/div><\/div><\/div><\/div><\/div><\/div><div id=\"pg-46-3\"  class=\"panel-grid panel-no-style\" ><div id=\"pgc-46-3-0\"  class=\"panel-grid-cell panel-grid-cell-empty\" ><\/div><div id=\"pgc-46-3-1\"  class=\"panel-grid-cell panel-grid-cell-mobile-last\" ><div id=\"panel-46-3-1-0\" class=\"so-panel widget widget_sow-editor panel-first-child panel-last-child\" data-index=\"3\" ><div\n\t\t\t\n\t\t\tclass=\"so-widget-sow-editor so-widget-sow-editor-base\"\n\t\t\t\n\t\t>\n<div class=\"siteorigin-widget-tinymce textwidget\">\n\t<p style=\"text-align: justify;\"><span style=\"font-family: helvetica, arial, sans-serif;\">\u00a0 \u00a0 \u00a0<strong>Kinesiology Taping<\/strong>\u00a0polega na aplikowaniu uk\u0142adu ta\u015bm, o elastyczno\u015bci zbli\u017conej do ludzkiej sk\u00f3ry, w miejsce na ciele pacjenta okre\u015blone przez terapeut\u0119 jako \u017ar\u00f3d\u0142o dolegliwo\u015bci. Jest to zabieg uzupe\u0142niaj\u0105cy, kt\u00f3ry mo\u017ce by\u0107 stosowany w celu zmniejszenia dolegliwo\u015bci b\u00f3lowych, zwi\u0119kszenia si\u0142y mi\u0119\u015bniowej lub zmniejszenia obrz\u0119ku. Aplikacja s<\/span><span style=\"font-family: helvetica, arial, sans-serif;\">tandardowo utrzymuje si\u0119 na sk\u00f3rze kilka\u00a0dni i jest idealnym \u015brodkiem podtrzymuj\u0105cym efekty terapeutyczne w poni\u017cszych przypadkach:<\/span><\/p>\n<p style=\"padding-left: 150px;\"><span style=\"font-family: helvetica, arial, sans-serif;\">\u2022 b\u00f3l plec\u00f3w<\/span><\/p>\n<p style=\"padding-left: 150px;\"><span style=\"font-family: helvetica, arial, sans-serif;\">\u2022 b\u00f3l staw\u00f3w<\/span><\/p>\n<p style=\"padding-left: 150px;\"><span style=\"font-family: helvetica, arial, sans-serif;\">\u2022\u00a0uszkodzenie mi\u0119\u015bni<\/span><\/p>\n<p style=\"padding-left: 150px;\"><span style=\"font-family: helvetica, arial, sans-serif;\">\u2022\u00a0korekcja wady postawy<\/span><\/p>\n<p style=\"padding-left: 150px;\"><span style=\"font-family: helvetica, arial, sans-serif;\">\u2022\u00a0zmniejszanie obrz\u0119k\u00f3w poprzez wp\u0142yw na uk\u0142ad limfatyczny<\/span><\/p>\n<\/div>\n<\/div><\/div><\/div><div id=\"pgc-46-3-2\"  class=\"panel-grid-cell panel-grid-cell-empty\" ><\/div><\/div><div id=\"pg-46-4\"  class=\"panel-grid panel-has-style\" ><div class=\"panel-row-style panel-row-style-for-46-4\" ><div id=\"pgc-46-4-0\"  class=\"panel-grid-cell\" ><div id=\"panel-46-4-0-0\" class=\"so-panel widget widget_sow-hero panel-first-child panel-last-child\" data-index=\"4\" ><div class=\"panel-widget-style panel-widget-style-for-46-4-0-0\" ><div\n\t\t\t\n\t\t\tclass=\"so-widget-sow-hero so-widget-sow-hero-default-7c3c2c33d60f-46 so-widget-fittext-wrapper\"\n\t\t\t\n\t\t>\t\t\t\t<div class=\"sow-slider-base\" style=\"display: none\" tabindex=\"0\">\n\t\t\t\t\t<ul\n\t\t\t\t\tclass=\"sow-slider-images\"\n\t\t\t\t\tdata-settings=\"{&quot;pagination&quot;:true,&quot;speed&quot;:800,&quot;timeout&quot;:8000,&quot;paused&quot;:false,&quot;pause_on_hover&quot;:false,&quot;swipe&quot;:true,&quot;nav_always_show_desktop&quot;:&quot;&quot;,&quot;nav_always_show_mobile&quot;:&quot;&quot;,&quot;breakpoint&quot;:&quot;780px&quot;,&quot;unmute&quot;:false,&quot;anchor&quot;:null}\"\n\t\t\t\t\tstyle=\"min-height: 120px\"\t\t\t\t\tdata-anchor-id=\"\"\n\t\t\t\t>\t\t<li class=\"sow-slider-image\" style=\"visibility: visible;;background-color: #27cbcd;cursor: pointer;\" data-url=\"{&quot;url&quot;:&quot;https:\\\/\\\/aleksandraczeczot.pl\\\/index.php\\\/terapia\\\/&quot;,&quot;new_window&quot;:false}\" >\n\t\t\t\t\t<div class=\"sow-slider-image-container\">\n\t\t\t<div class=\"sow-slider-image-wrapper\">\n\t\t\t\t<h1 style=\"text-align: center\"><span style=\"font-family: helvetica, arial, sans-serif;color: #ffffff\">Pozosta\u0142e rodzaje terapii<\/span><\/h1>\t\t\t<\/div>\n\t\t<\/div>\n\t\t\t\t<\/li>\n\t\t<\/ul>\t\t\t\t<ol class=\"sow-slider-pagination\">\n\t\t\t\t\t\t\t\t\t\t\t<li><a href=\"#\" data-goto=\"0\" aria-label=\"Display slide 1\"><\/a><\/li>\n\t\t\t\t\t\t\t\t\t<\/ol>\n\n\t\t\t\t<div class=\"sow-slide-nav sow-slide-nav-next\">\n\t\t\t\t\t<a href=\"#\" data-goto=\"next\" aria-label=\"Next slide\" data-action=\"next\">\n\t\t\t\t\t\t<em class=\"sow-sld-icon-thin-right\"><\/em>\n\t\t\t\t\t<\/a>\n\t\t\t\t<\/div>\n\n\t\t\t\t<div class=\"sow-slide-nav sow-slide-nav-prev\">\n\t\t\t\t\t<a href=\"#\" data-goto=\"previous\" aria-label=\"Previous slide\" data-action=\"prev\">\n\t\t\t\t\t\t<em class=\"sow-sld-icon-thin-left\"><\/em>\n\t\t\t\t\t<\/a>\n\t\t\t\t<\/div>\n\t\t\t\t<\/div><\/div><\/div><\/div><\/div><div id=\"pgc-46-4-1\"  class=\"panel-grid-cell\" ><div id=\"panel-46-4-1-0\" class=\"so-panel widget widget_sow-hero panel-first-child panel-last-child\" data-index=\"5\" ><div class=\"panel-widget-style panel-widget-style-for-46-4-1-0\" ><div\n\t\t\t\n\t\t\tclass=\"so-widget-sow-hero so-widget-sow-hero-default-7c3c2c33d60f-46 so-widget-fittext-wrapper\"\n\t\t\t\n\t\t>\t\t\t\t<div class=\"sow-slider-base\" style=\"display: none\" tabindex=\"0\">\n\t\t\t\t\t<ul\n\t\t\t\t\tclass=\"sow-slider-images\"\n\t\t\t\t\tdata-settings=\"{&quot;pagination&quot;:true,&quot;speed&quot;:800,&quot;timeout&quot;:8000,&quot;paused&quot;:false,&quot;pause_on_hover&quot;:false,&quot;swipe&quot;:true,&quot;nav_always_show_desktop&quot;:&quot;&quot;,&quot;nav_always_show_mobile&quot;:&quot;&quot;,&quot;breakpoint&quot;:&quot;780px&quot;,&quot;unmute&quot;:false,&quot;anchor&quot;:null}\"\n\t\t\t\t\tstyle=\"min-height: 120px\"\t\t\t\t\tdata-anchor-id=\"\"\n\t\t\t\t>\t\t<li class=\"sow-slider-image\" style=\"visibility: visible;;background-color: #27cbcd;cursor: pointer;\" data-url=\"{&quot;url&quot;:&quot;https:\\\/\\\/aleksandraczeczot.pl\\\/index.php\\\/kontakt\\\/&quot;,&quot;new_window&quot;:false}\" >\n\t\t\t\t\t<div class=\"sow-slider-image-container\">\n\t\t\t<div class=\"sow-slider-image-wrapper\">\n\t\t\t\t<h1 style=\"text-align: center\"><span style=\"font-family: helvetica, arial, sans-serif;color: #ffffff\">Kontakt<\/span><\/h1>\t\t\t<\/div>\n\t\t<\/div>\n\t\t\t\t<\/li>\n\t\t<\/ul>\t\t\t\t<ol class=\"sow-slider-pagination\">\n\t\t\t\t\t\t\t\t\t\t\t<li><a href=\"#\" data-goto=\"0\" aria-label=\"Display slide 1\"><\/a><\/li>\n\t\t\t\t\t\t\t\t\t<\/ol>\n\n\t\t\t\t<div class=\"sow-slide-nav sow-slide-nav-next\">\n\t\t\t\t\t<a href=\"#\" data-goto=\"next\" aria-label=\"Next slide\" data-action=\"next\">\n\t\t\t\t\t\t<em class=\"sow-sld-icon-thin-right\"><\/em>\n\t\t\t\t\t<\/a>\n\t\t\t\t<\/div>\n\n\t\t\t\t<div class=\"sow-slide-nav sow-slide-nav-prev\">\n\t\t\t\t\t<a href=\"#\" data-goto=\"previous\" aria-label=\"Previous slide\" data-action=\"prev\">\n\t\t\t\t\t\t<em class=\"sow-sld-icon-thin-left\"><\/em>\n\t\t\t\t\t<\/a>\n\t\t\t\t<\/div>\n\t\t\t\t<\/div><\/div><\/div><\/div><\/div><\/div><\/div><div id=\"pg-46-5\"  class=\"panel-grid panel-no-style\" ><div id=\"pgc-46-5-0\"  class=\"panel-grid-cell\" ><div id=\"panel-46-5-0-0\" class=\"so-panel widget widget_sow-editor panel-first-child panel-last-child\" data-index=\"6\" ><div\n\t\t\t\n\t\t\tclass=\"so-widget-sow-editor so-widget-sow-editor-base\"\n\t\t\t\n\t\t>\n<div class=\"siteorigin-widget-tinymce textwidget\">\n\t<style> .sow-slider-image-wrapper:hover{background-color: #369496;} <\/style>\n<\/div>\n<\/div><\/div><\/div><\/div><\/div>","protected":false},"excerpt":{"rendered":"<p>Kinesiology taping \u00a0 \u00a0 \u00a0Kinesiology Taping\u00a0polega na aplikowaniu uk\u0142adu ta\u015bm, o elastyczno\u015bci zbli\u017conej do ludzkiej sk\u00f3ry, w miejsce na ciele pacjenta okre\u015blone przez terapeut\u0119 jako \u017ar\u00f3d\u0142o dolegliwo\u015bci. Jest to zabieg uzupe\u0142niaj\u0105cy, kt\u00f3ry mo\u017ce by\u0107 stosowany w celu zmniejszenia dolegliwo\u015bci b\u00f3lowych, zwi\u0119kszenia si\u0142y mi\u0119\u015bniowej lub zmniejszenia obrz\u0119ku. Aplikacja standardowo utrzymuje si\u0119 na sk\u00f3rze kilka\u00a0dni i jest [&hellip;]<\/p>\n","protected":false},"author":1,"featured_media":0,"parent":34,"menu_order":5,"comment_status":"closed","ping_status":"closed","template":"","meta":{"footnotes":""},"class_list":["post-46","page","type-page","status-publish","czr-hentry"],"yoast_head":"<!-- This site is optimized with the Yoast SEO plugin v24.7 - https:\/\/yoast.com\/wordpress\/plugins\/seo\/ -->\n<title>Kinesiology taping - Aleksandra Czeczot<\/title>\n<meta name=\"description\" content=\"Kinesiology taping -zabieg uzupe\u0142niaj\u0105cy, stosowany w celu zmniejszenia dolegliwo\u015bci b\u00f3lowych, zwi\u0119kszenia si\u0142y mi\u0119\u015bniowej lub zmniejszenia obrz\u0119ku. Wroc\u0142aw\" \/>\n<meta name=\"robots\" content=\"index, follow, max-snippet:-1, max-image-preview:large, max-video-preview:-1\" \/>\n<link rel=\"canonical\" href=\"https:\/\/aleksandraczeczot.pl\/index.php\/terapia\/kinesiology-taping\/\" \/>\n<meta property=\"og:locale\" content=\"pl_PL\" \/>\n<meta property=\"og:type\" content=\"article\" \/>\n<meta property=\"og:title\" content=\"Kinesiology taping - Aleksandra Czeczot\" \/>\n<meta property=\"og:description\" content=\"Kinesiology taping -zabieg uzupe\u0142niaj\u0105cy, stosowany w celu zmniejszenia dolegliwo\u015bci b\u00f3lowych, zwi\u0119kszenia si\u0142y mi\u0119\u015bniowej lub zmniejszenia obrz\u0119ku. Wroc\u0142aw\" \/>\n<meta property=\"og:url\" content=\"https:\/\/aleksandraczeczot.pl\/index.php\/terapia\/kinesiology-taping\/\" \/>\n<meta property=\"og:site_name\" content=\"Aleksandra Czeczot\" \/>\n<meta property=\"article:modified_time\" content=\"2017-08-04T20:08:46+00:00\" \/>\n<meta property=\"og:image\" content=\"http:\/\/aleksandraczeczot.pl\/wp-content\/uploads\/2016\/01\/Kinesiology-Taping-e1499720630724.jpg\" \/>\n<meta name=\"twitter:card\" content=\"summary_large_image\" \/>\n<meta name=\"twitter:label1\" content=\"Szacowany czas czytania\" \/>\n\t<meta name=\"twitter:data1\" content=\"1 minuta\" \/>\n<script type=\"application\/ld+json\" class=\"yoast-schema-graph\">{\"@context\":\"https:\/\/schema.org\",\"@graph\":[{\"@type\":\"WebPage\",\"@id\":\"https:\/\/aleksandraczeczot.pl\/index.php\/terapia\/kinesiology-taping\/\",\"url\":\"https:\/\/aleksandraczeczot.pl\/index.php\/terapia\/kinesiology-taping\/\",\"name\":\"Kinesiology taping - Aleksandra Czeczot\",\"isPartOf\":{\"@id\":\"https:\/\/aleksandraczeczot.pl\/#website\"},\"primaryImageOfPage\":{\"@id\":\"https:\/\/aleksandraczeczot.pl\/index.php\/terapia\/kinesiology-taping\/#primaryimage\"},\"image\":{\"@id\":\"https:\/\/aleksandraczeczot.pl\/index.php\/terapia\/kinesiology-taping\/#primaryimage\"},\"thumbnailUrl\":\"http:\/\/aleksandraczeczot.pl\/wp-content\/uploads\/2016\/01\/Kinesiology-Taping-e1499720630724.jpg\",\"datePublished\":\"2016-01-12T18:07:37+00:00\",\"dateModified\":\"2017-08-04T20:08:46+00:00\",\"description\":\"Kinesiology taping -zabieg uzupe\u0142niaj\u0105cy, stosowany w celu zmniejszenia dolegliwo\u015bci b\u00f3lowych, zwi\u0119kszenia si\u0142y mi\u0119\u015bniowej lub zmniejszenia obrz\u0119ku. Wroc\u0142aw\",\"breadcrumb\":{\"@id\":\"https:\/\/aleksandraczeczot.pl\/index.php\/terapia\/kinesiology-taping\/#breadcrumb\"},\"inLanguage\":\"pl-PL\",\"potentialAction\":[{\"@type\":\"ReadAction\",\"target\":[\"https:\/\/aleksandraczeczot.pl\/index.php\/terapia\/kinesiology-taping\/\"]}]},{\"@type\":\"ImageObject\",\"inLanguage\":\"pl-PL\",\"@id\":\"https:\/\/aleksandraczeczot.pl\/index.php\/terapia\/kinesiology-taping\/#primaryimage\",\"url\":\"https:\/\/aleksandraczeczot.pl\/wp-content\/uploads\/2016\/01\/Kinesiology-Taping-e1499720630724.jpg\",\"contentUrl\":\"https:\/\/aleksandraczeczot.pl\/wp-content\/uploads\/2016\/01\/Kinesiology-Taping-e1499720630724.jpg\",\"width\":3020,\"height\":2000},{\"@type\":\"BreadcrumbList\",\"@id\":\"https:\/\/aleksandraczeczot.pl\/index.php\/terapia\/kinesiology-taping\/#breadcrumb\",\"itemListElement\":[{\"@type\":\"ListItem\",\"position\":1,\"name\":\"Strona g\u0142\u00f3wna\",\"item\":\"https:\/\/aleksandraczeczot.pl\/\"},{\"@type\":\"ListItem\",\"position\":2,\"name\":\"Terapia\",\"item\":\"https:\/\/aleksandraczeczot.pl\/index.php\/terapia\/\"},{\"@type\":\"ListItem\",\"position\":3,\"name\":\"Kinesiology taping\"}]},{\"@type\":\"WebSite\",\"@id\":\"https:\/\/aleksandraczeczot.pl\/#website\",\"url\":\"https:\/\/aleksandraczeczot.pl\/\",\"name\":\"Aleksandra Czeczot\",\"description\":\"Fizjoterapia\",\"publisher\":{\"@id\":\"https:\/\/aleksandraczeczot.pl\/#\/schema\/person\/1bbcbc7524464b8562b2eafa82bb748e\"},\"potentialAction\":[{\"@type\":\"SearchAction\",\"target\":{\"@type\":\"EntryPoint\",\"urlTemplate\":\"https:\/\/aleksandraczeczot.pl\/?s={search_term_string}\"},\"query-input\":{\"@type\":\"PropertyValueSpecification\",\"valueRequired\":true,\"valueName\":\"search_term_string\"}}],\"inLanguage\":\"pl-PL\"},{\"@type\":[\"Person\",\"Organization\"],\"@id\":\"https:\/\/aleksandraczeczot.pl\/#\/schema\/person\/1bbcbc7524464b8562b2eafa82bb748e\",\"name\":\"Aleksandra Czeczot\",\"image\":{\"@type\":\"ImageObject\",\"inLanguage\":\"pl-PL\",\"@id\":\"https:\/\/aleksandraczeczot.pl\/#\/schema\/person\/image\/\",\"url\":\"https:\/\/secure.gravatar.com\/avatar\/88b6722d52d7101ffde638b25bafa478?s=96&d=mm&r=g\",\"contentUrl\":\"https:\/\/secure.gravatar.com\/avatar\/88b6722d52d7101ffde638b25bafa478?s=96&d=mm&r=g\",\"caption\":\"Aleksandra Czeczot\"},\"logo\":{\"@id\":\"https:\/\/aleksandraczeczot.pl\/#\/schema\/person\/image\/\"}}]}<\/script>\n<!-- \/ Yoast SEO plugin. -->","yoast_head_json":{"title":"Kinesiology taping - Aleksandra Czeczot","description":"Kinesiology taping -zabieg uzupe\u0142niaj\u0105cy, stosowany w celu zmniejszenia dolegliwo\u015bci b\u00f3lowych, zwi\u0119kszenia si\u0142y mi\u0119\u015bniowej lub zmniejszenia obrz\u0119ku. Wroc\u0142aw","robots":{"index":"index","follow":"follow","max-snippet":"max-snippet:-1","max-image-preview":"max-image-preview:large","max-video-preview":"max-video-preview:-1"},"canonical":"https:\/\/aleksandraczeczot.pl\/index.php\/terapia\/kinesiology-taping\/","og_locale":"pl_PL","og_type":"article","og_title":"Kinesiology taping - Aleksandra Czeczot","og_description":"Kinesiology taping -zabieg uzupe\u0142niaj\u0105cy, stosowany w celu zmniejszenia dolegliwo\u015bci b\u00f3lowych, zwi\u0119kszenia si\u0142y mi\u0119\u015bniowej lub zmniejszenia obrz\u0119ku. Wroc\u0142aw","og_url":"https:\/\/aleksandraczeczot.pl\/index.php\/terapia\/kinesiology-taping\/","og_site_name":"Aleksandra Czeczot","article_modified_time":"2017-08-04T20:08:46+00:00","og_image":[{"url":"http:\/\/aleksandraczeczot.pl\/wp-content\/uploads\/2016\/01\/Kinesiology-Taping-e1499720630724.jpg","type":"","width":"","height":""}],"twitter_card":"summary_large_image","twitter_misc":{"Szacowany czas czytania":"1 minuta"},"schema":{"@context":"https:\/\/schema.org","@graph":[{"@type":"WebPage","@id":"https:\/\/aleksandraczeczot.pl\/index.php\/terapia\/kinesiology-taping\/","url":"https:\/\/aleksandraczeczot.pl\/index.php\/terapia\/kinesiology-taping\/","name":"Kinesiology taping - Aleksandra Czeczot","isPartOf":{"@id":"https:\/\/aleksandraczeczot.pl\/#website"},"primaryImageOfPage":{"@id":"https:\/\/aleksandraczeczot.pl\/index.php\/terapia\/kinesiology-taping\/#primaryimage"},"image":{"@id":"https:\/\/aleksandraczeczot.pl\/index.php\/terapia\/kinesiology-taping\/#primaryimage"},"thumbnailUrl":"http:\/\/aleksandraczeczot.pl\/wp-content\/uploads\/2016\/01\/Kinesiology-Taping-e1499720630724.jpg","datePublished":"2016-01-12T18:07:37+00:00","dateModified":"2017-08-04T20:08:46+00:00","description":"Kinesiology taping -zabieg uzupe\u0142niaj\u0105cy, stosowany w celu zmniejszenia dolegliwo\u015bci b\u00f3lowych, zwi\u0119kszenia si\u0142y mi\u0119\u015bniowej lub zmniejszenia obrz\u0119ku. Wroc\u0142aw","breadcrumb":{"@id":"https:\/\/aleksandraczeczot.pl\/index.php\/terapia\/kinesiology-taping\/#breadcrumb"},"inLanguage":"pl-PL","potentialAction":[{"@type":"ReadAction","target":["https:\/\/aleksandraczeczot.pl\/index.php\/terapia\/kinesiology-taping\/"]}]},{"@type":"ImageObject","inLanguage":"pl-PL","@id":"https:\/\/aleksandraczeczot.pl\/index.php\/terapia\/kinesiology-taping\/#primaryimage","url":"https:\/\/aleksandraczeczot.pl\/wp-content\/uploads\/2016\/01\/Kinesiology-Taping-e1499720630724.jpg","contentUrl":"https:\/\/aleksandraczeczot.pl\/wp-content\/uploads\/2016\/01\/Kinesiology-Taping-e1499720630724.jpg","width":3020,"height":2000},{"@type":"BreadcrumbList","@id":"https:\/\/aleksandraczeczot.pl\/index.php\/terapia\/kinesiology-taping\/#breadcrumb","itemListElement":[{"@type":"ListItem","position":1,"name":"Strona g\u0142\u00f3wna","item":"https:\/\/aleksandraczeczot.pl\/"},{"@type":"ListItem","position":2,"name":"Terapia","item":"https:\/\/aleksandraczeczot.pl\/index.php\/terapia\/"},{"@type":"ListItem","position":3,"name":"Kinesiology taping"}]},{"@type":"WebSite","@id":"https:\/\/aleksandraczeczot.pl\/#website","url":"https:\/\/aleksandraczeczot.pl\/","name":"Aleksandra Czeczot","description":"Fizjoterapia","publisher":{"@id":"https:\/\/aleksandraczeczot.pl\/#\/schema\/person\/1bbcbc7524464b8562b2eafa82bb748e"},"potentialAction":[{"@type":"SearchAction","target":{"@type":"EntryPoint","urlTemplate":"https:\/\/aleksandraczeczot.pl\/?s={search_term_string}"},"query-input":{"@type":"PropertyValueSpecification","valueRequired":true,"valueName":"search_term_string"}}],"inLanguage":"pl-PL"},{"@type":["Person","Organization"],"@id":"https:\/\/aleksandraczeczot.pl\/#\/schema\/person\/1bbcbc7524464b8562b2eafa82bb748e","name":"Aleksandra Czeczot","image":{"@type":"ImageObject","inLanguage":"pl-PL","@id":"https:\/\/aleksandraczeczot.pl\/#\/schema\/person\/image\/","url":"https:\/\/secure.gravatar.com\/avatar\/88b6722d52d7101ffde638b25bafa478?s=96&d=mm&r=g","contentUrl":"https:\/\/secure.gravatar.com\/avatar\/88b6722d52d7101ffde638b25bafa478?s=96&d=mm&r=g","caption":"Aleksandra Czeczot"},"logo":{"@id":"https:\/\/aleksandraczeczot.pl\/#\/schema\/person\/image\/"}}]}},"_links":{"self":[{"href":"https:\/\/aleksandraczeczot.pl\/index.php\/wp-json\/wp\/v2\/pages\/46","targetHints":{"allow":["GET"]}}],"collection":[{"href":"https:\/\/aleksandraczeczot.pl\/index.php\/wp-json\/wp\/v2\/pages"}],"about":[{"href":"https:\/\/aleksandraczeczot.pl\/index.php\/wp-json\/wp\/v2\/types\/page"}],"author":[{"embeddable":true,"href":"https:\/\/aleksandraczeczot.pl\/index.php\/wp-json\/wp\/v2\/users\/1"}],"replies":[{"embeddable":true,"href":"https:\/\/aleksandraczeczot.pl\/index.php\/wp-json\/wp\/v2\/comments?post=46"}],"version-history":[{"count":20,"href":"https:\/\/aleksandraczeczot.pl\/index.php\/wp-json\/wp\/v2\/pages\/46\/revisions"}],"predecessor-version":[{"id":224,"href":"https:\/\/aleksandraczeczot.pl\/index.php\/wp-json\/wp\/v2\/pages\/46\/revisions\/224"}],"up":[{"embeddable":true,"href":"https:\/\/aleksandraczeczot.pl\/index.php\/wp-json\/wp\/v2\/pages\/34"}],"wp:attachment":[{"href":"https:\/\/aleksandraczeczot.pl\/index.php\/wp-json\/wp\/v2\/media?parent=46"}],"curies":[{"name":"wp","href":"https:\/\/api.w.org\/{rel}","templated":true}]}}